{"id":1001,"date":"2025-07-14T18:49:59","date_gmt":"2025-07-14T16:49:59","guid":{"rendered":"https:\/\/friedrichskoogfewo.de\/nordsee\/?page_id=1001"},"modified":"2026-02-10T19:19:40","modified_gmt":"2026-02-10T18:19:40","slug":"verfuegbare-ferienwohnungen","status":"publish","type":"page","link":"https:\/\/friedrichskoogfewo.de\/nordsee\/verfuegbare-ferienwohnungen\/","title":{"rendered":"Verf\u00fcgbare Ferienwohnungen in Friedrichskoog"},"content":{"rendered":"\n<div class=\"wp-block-uagb-container uagb-block-2ff33a28 alignfull uagb-is-root-container\"><div class=\"uagb-container-inner-blocks-wrap\">\n<div style=\"padding: 30px; max-width: 1000px; margin: auto;\">\n\n  \n<h1 style=\"text-align: center;\">Verf\u00fcgbare Wohnungen<\/h1>\n\n\n  <p>\n    Auf dieser Seite sehen Sie tagesaktuell, welche Ferienwohnungen in Ihrem gew\u00fcnschten Reisezeitraum frei sind.\n    So erhalten Sie schnell einen zuverl\u00e4ssigen \u00dcberblick \u00fcber freie Termine und m\u00f6gliche Anreisezeitr\u00e4ume.\n  <\/p>\n\n  <p>\n    W\u00e4hlen Sie einfach den gew\u00fcnschten Zeitraum und anschlie\u00dfend die passende Unterkunft aus.\n    Die Anzeige wird automatisch aktualisiert und dient Ihrer unverbindlichen Orientierung,\n    damit Sie Ihre Urlaubsplanung bequem und flexibel vornehmen k\u00f6nnen.\n  <\/p>\n\n  <p style=\"margin-top: 20px;\">\n    <strong>Hinweis:<\/strong><br>\n    Fr\u00fchbucher-Rabatte sowie Last-Minute-Angebote werden von uns ber\u00fccksichtigt,\n    sofern sie auf Ihren Reisezeitraum zutreffen. So sehen Sie direkt, welche Konditionen\n    aktuell f\u00fcr Ihre Buchung m\u00f6glich sind.\n  <\/p>\n\n  <div style=\"margin-top: 40px;\">\n    <iframe loading=\"lazy\" \n      name=\"webplanner10368\" \n      width=\"100%\" \n      frameborder=\"0\" \n      height=\"1240\" \n      src=\"https:\/\/www.webplanner.de\/form\/10368\/ferienwohnungen\/\">\n    <\/iframe>\n\n    <script \n      type=\"text\/javascript\" \n      src=\"https:\/\/www.webplanner.de\/tools\/js\/10368.js\">\n    <\/script>\n  <\/div>\n\n  <p style=\"margin-top: 40px;\">\n    Wenn Sie Fragen zu den verf\u00fcgbaren Wohnungen, zur Buchung oder zur Auswahl der passenden Ferienwohnung haben,\n    helfen wir Ihnen gern pers\u00f6nlich weiter.<br><br>\n    Telefon: +49 155 69248791<br>\n    E-Mail: <a href=\"mailto:buchungen@friedrichskoogfewo.de\">\n      buchungen@friedrichskoogfewo.de\n    <\/a>\n  <\/p>\n<\/div>\n\n<\/div><\/div>\n\n\n\n<div class=\"wp-block-uagb-buttons uagb-buttons__outer-wrap uagb-btn__default-btn uagb-btn-tablet__default-btn uagb-btn-mobile__default-btn uagb-block-52bb95d1\"><div class=\"uagb-buttons__wrap uagb-buttons-layout-wrap \">\n<div class=\"wp-block-uagb-buttons-child uagb-buttons__outer-wrap uagb-block-55229f42 wp-block-button\"><div class=\"uagb-button__wrapper\"><a class=\"uagb-buttons-repeater wp-block-button__link\" aria-label=\"\" href=\"javascript:history.back()\" rel=\"follow noopener\" target=\"_self\" role=\"button\"><div class=\"uagb-button__link\">Zur\u00fcck<\/div><\/a><\/div><\/div>\n<\/div><\/div>\n\n\n\n<div class=\"wp-block-uagb-container custom-footer uagb-block-85f7d705 alignfull uagb-is-root-container\"><div class=\"uagb-container-inner-blocks-wrap\">\n<div class=\"footer-links\">\n  <a href=\"\/impressum\">Kontakt \/ Impressum<\/a> |\n  <a href=\"\/agb\">AGB<\/a> |\n  <a href=\"\/anfahrt\">Anfahrt<\/a>\n  <a href=\"mailto:buchungen@friedrichskoogfewo.de\">buchungen@friedrichskoogfewo.de<\/a><br>\n<\/div>\n<div class=\"footer-copy\">\n  \u00a9 2026 Ferienwohnungen am Wattenmeer\n<\/div>\n<\/div><\/div>\n","protected":false},"excerpt":{"rendered":"<p>Verf\u00fcgbare Wohnungen Auf dieser Seite sehen Sie tagesaktuell, welche Ferienwohnungen in Ihrem gew\u00fcnschten Reisezeitraum frei sind. So erhalten Sie schnell einen zuverl\u00e4ssigen \u00dcberblick \u00fcber freie Termine und m\u00f6gliche Anreisezeitr\u00e4ume. W\u00e4hlen Sie einfach den gew\u00fcnschten Zeitraum und anschlie\u00dfend die passende Unterkunft aus. Die Anzeige wird automatisch aktualisiert und dient Ihrer unverbindlichen Orientierung, damit Sie Ihre Urlaubsplanung [&hellip;]<\/p>\n","protected":false},"author":1,"featured_media":1180,"parent":0,"menu_order":0,"comment_status":"closed","ping_status":"closed","template":"blank","meta":{"_uag_custom_page_level_css":"","footnotes":""},"class_list":["post-1001","page","type-page","status-publish","has-post-thumbnail","hentry"],"yoast_head":"<!-- This site is optimized with the Yoast SEO plugin v27.4 - https:\/\/yoast.com\/product\/yoast-seo-wordpress\/ -->\n<title>Verf\u00fcgbare Ferienwohnungen in Friedrichskoog - Ferienwohnungen am Wattenmeer<\/title>\n<meta name=\"description\" content=\"Verf\u00fcgbare Ferienwohnungen Friedrichskoog: freie Termine, aktuelle Verf\u00fcgbarkeit, direkte Buchung Ihrer Wohnung, schnell &amp; \u00fcbersichtlich\" \/>\n<meta name=\"robots\" content=\"index, follow, max-snippet:-1, max-image-preview:large, max-video-preview:-1\" \/>\n<link rel=\"canonical\" href=\"https:\/\/friedrichskoogfewo.de\/nordsee\/verfuegbare-ferienwohnungen\/\" \/>\n<meta property=\"og:locale\" content=\"de_DE\" \/>\n<meta property=\"og:type\" content=\"article\" \/>\n<meta property=\"og:title\" content=\"Verf\u00fcgbare Ferienwohnungen in Friedrichskoog - Ferienwohnungen am Wattenmeer\" \/>\n<meta property=\"og:description\" content=\"Verf\u00fcgbare Ferienwohnungen Friedrichskoog: freie Termine, aktuelle Verf\u00fcgbarkeit, direkte Buchung Ihrer Wohnung, schnell &amp; \u00fcbersichtlich\" \/>\n<meta property=\"og:url\" content=\"https:\/\/friedrichskoogfewo.de\/nordsee\/verfuegbare-ferienwohnungen\/\" \/>\n<meta property=\"og:site_name\" content=\"Ferienwohnungen am Wattenmeer\" \/>\n<meta property=\"article:modified_time\" content=\"2026-02-10T18:19:40+00:00\" \/>\n<meta property=\"og:image\" content=\"https:\/\/friedrichskoogfewo.de\/nordsee\/wp-content\/uploads\/2025\/07\/Logo-Ferienwohnungen-am-Wattenmeer.png\" \/>\n\t<meta property=\"og:image:width\" content=\"1200\" \/>\n\t<meta property=\"og:image:height\" content=\"800\" \/>\n\t<meta property=\"og:image:type\" content=\"image\/png\" \/>\n<meta name=\"twitter:card\" content=\"summary_large_image\" \/>\n<meta name=\"twitter:label1\" content=\"Gesch\u00e4tzte Lesezeit\" \/>\n\t<meta name=\"twitter:data1\" content=\"1\u00a0Minute\" \/>\n<script type=\"application\/ld+json\" class=\"yoast-schema-graph\">{\"@context\":\"https:\\\/\\\/schema.org\",\"@graph\":[{\"@type\":\"WebPage\",\"@id\":\"https:\\\/\\\/friedrichskoogfewo.de\\\/nordsee\\\/verfuegbare-ferienwohnungen\\\/\",\"url\":\"https:\\\/\\\/friedrichskoogfewo.de\\\/nordsee\\\/verfuegbare-ferienwohnungen\\\/\",\"name\":\"Verf\u00fcgbare Ferienwohnungen in Friedrichskoog - Ferienwohnungen am Wattenmeer\",\"isPartOf\":{\"@id\":\"https:\\\/\\\/friedrichskoogfewo.de\\\/nordsee\\\/#website\"},\"primaryImageOfPage\":{\"@id\":\"https:\\\/\\\/friedrichskoogfewo.de\\\/nordsee\\\/verfuegbare-ferienwohnungen\\\/#primaryimage\"},\"image\":{\"@id\":\"https:\\\/\\\/friedrichskoogfewo.de\\\/nordsee\\\/verfuegbare-ferienwohnungen\\\/#primaryimage\"},\"thumbnailUrl\":\"https:\\\/\\\/friedrichskoogfewo.de\\\/nordsee\\\/wp-content\\\/uploads\\\/2025\\\/07\\\/Logo-Ferienwohnungen-am-Wattenmeer.png\",\"datePublished\":\"2025-07-14T16:49:59+00:00\",\"dateModified\":\"2026-02-10T18:19:40+00:00\",\"description\":\"Verf\u00fcgbare Ferienwohnungen Friedrichskoog: freie Termine, aktuelle Verf\u00fcgbarkeit, direkte Buchung Ihrer Wohnung, schnell & \u00fcbersichtlich\",\"breadcrumb\":{\"@id\":\"https:\\\/\\\/friedrichskoogfewo.de\\\/nordsee\\\/verfuegbare-ferienwohnungen\\\/#breadcrumb\"},\"inLanguage\":\"de\",\"potentialAction\":[{\"@type\":\"ReadAction\",\"target\":[\"https:\\\/\\\/friedrichskoogfewo.de\\\/nordsee\\\/verfuegbare-ferienwohnungen\\\/\"]}]},{\"@type\":\"ImageObject\",\"inLanguage\":\"de\",\"@id\":\"https:\\\/\\\/friedrichskoogfewo.de\\\/nordsee\\\/verfuegbare-ferienwohnungen\\\/#primaryimage\",\"url\":\"https:\\\/\\\/friedrichskoogfewo.de\\\/nordsee\\\/wp-content\\\/uploads\\\/2025\\\/07\\\/Logo-Ferienwohnungen-am-Wattenmeer.png\",\"contentUrl\":\"https:\\\/\\\/friedrichskoogfewo.de\\\/nordsee\\\/wp-content\\\/uploads\\\/2025\\\/07\\\/Logo-Ferienwohnungen-am-Wattenmeer.png\",\"width\":1200,\"height\":800,\"caption\":\"G\u00e4ate-Info-Ordner\"},{\"@type\":\"BreadcrumbList\",\"@id\":\"https:\\\/\\\/friedrichskoogfewo.de\\\/nordsee\\\/verfuegbare-ferienwohnungen\\\/#breadcrumb\",\"itemListElement\":[{\"@type\":\"ListItem\",\"position\":1,\"name\":\"Start\",\"item\":\"https:\\\/\\\/friedrichskoogfewo.de\\\/nordsee\\\/\"},{\"@type\":\"ListItem\",\"position\":2,\"name\":\"Verf\u00fcgbare Ferienwohnungen in Friedrichskoog\"}]},{\"@type\":\"WebSite\",\"@id\":\"https:\\\/\\\/friedrichskoogfewo.de\\\/nordsee\\\/#website\",\"url\":\"https:\\\/\\\/friedrichskoogfewo.de\\\/nordsee\\\/\",\"name\":\"Ferienwohnungen am Wattenmeer-Ferien an der Nordsee-Auch mit Hund\",\"description\":\"Urlaub an der Nordsee \u2013 auch mit Hund\",\"publisher\":{\"@id\":\"https:\\\/\\\/friedrichskoogfewo.de\\\/nordsee\\\/#organization\"},\"potentialAction\":[{\"@type\":\"SearchAction\",\"target\":{\"@type\":\"EntryPoint\",\"urlTemplate\":\"https:\\\/\\\/friedrichskoogfewo.de\\\/nordsee\\\/?s={search_term_string}\"},\"query-input\":{\"@type\":\"PropertyValueSpecification\",\"valueRequired\":true,\"valueName\":\"search_term_string\"}}],\"inLanguage\":\"de\"},{\"@type\":\"Organization\",\"@id\":\"https:\\\/\\\/friedrichskoogfewo.de\\\/nordsee\\\/#organization\",\"name\":\"Ferienwohnungen am Wattenmeer\",\"url\":\"https:\\\/\\\/friedrichskoogfewo.de\\\/nordsee\\\/\",\"logo\":{\"@type\":\"ImageObject\",\"inLanguage\":\"de\",\"@id\":\"https:\\\/\\\/friedrichskoogfewo.de\\\/nordsee\\\/#\\\/schema\\\/logo\\\/image\\\/\",\"url\":\"https:\\\/\\\/friedrichskoogfewo.de\\\/nordsee\\\/wp-content\\\/uploads\\\/2025\\\/07\\\/Logo-Ferienwohnungen-am-Wattenmeer.png\",\"contentUrl\":\"https:\\\/\\\/friedrichskoogfewo.de\\\/nordsee\\\/wp-content\\\/uploads\\\/2025\\\/07\\\/Logo-Ferienwohnungen-am-Wattenmeer.png\",\"width\":1200,\"height\":800,\"caption\":\"Ferienwohnungen am Wattenmeer\"},\"image\":{\"@id\":\"https:\\\/\\\/friedrichskoogfewo.de\\\/nordsee\\\/#\\\/schema\\\/logo\\\/image\\\/\"}}]}<\/script>\n<!-- \/ Yoast SEO plugin. -->","yoast_head_json":{"title":"Verf\u00fcgbare Ferienwohnungen in Friedrichskoog - Ferienwohnungen am Wattenmeer","description":"Verf\u00fcgbare Ferienwohnungen Friedrichskoog: freie Termine, aktuelle Verf\u00fcgbarkeit, direkte Buchung Ihrer Wohnung, schnell & \u00fcbersichtlich","robots":{"index":"index","follow":"follow","max-snippet":"max-snippet:-1","max-image-preview":"max-image-preview:large","max-video-preview":"max-video-preview:-1"},"canonical":"https:\/\/friedrichskoogfewo.de\/nordsee\/verfuegbare-ferienwohnungen\/","og_locale":"de_DE","og_type":"article","og_title":"Verf\u00fcgbare Ferienwohnungen in Friedrichskoog - Ferienwohnungen am Wattenmeer","og_description":"Verf\u00fcgbare Ferienwohnungen Friedrichskoog: freie Termine, aktuelle Verf\u00fcgbarkeit, direkte Buchung Ihrer Wohnung, schnell & \u00fcbersichtlich","og_url":"https:\/\/friedrichskoogfewo.de\/nordsee\/verfuegbare-ferienwohnungen\/","og_site_name":"Ferienwohnungen am Wattenmeer","article_modified_time":"2026-02-10T18:19:40+00:00","og_image":[{"width":1200,"height":800,"url":"https:\/\/friedrichskoogfewo.de\/nordsee\/wp-content\/uploads\/2025\/07\/Logo-Ferienwohnungen-am-Wattenmeer.png","type":"image\/png"}],"twitter_card":"summary_large_image","twitter_misc":{"Gesch\u00e4tzte Lesezeit":"1\u00a0Minute"},"schema":{"@context":"https:\/\/schema.org","@graph":[{"@type":"WebPage","@id":"https:\/\/friedrichskoogfewo.de\/nordsee\/verfuegbare-ferienwohnungen\/","url":"https:\/\/friedrichskoogfewo.de\/nordsee\/verfuegbare-ferienwohnungen\/","name":"Verf\u00fcgbare Ferienwohnungen in Friedrichskoog - Ferienwohnungen am Wattenmeer","isPartOf":{"@id":"https:\/\/friedrichskoogfewo.de\/nordsee\/#website"},"primaryImageOfPage":{"@id":"https:\/\/friedrichskoogfewo.de\/nordsee\/verfuegbare-ferienwohnungen\/#primaryimage"},"image":{"@id":"https:\/\/friedrichskoogfewo.de\/nordsee\/verfuegbare-ferienwohnungen\/#primaryimage"},"thumbnailUrl":"https:\/\/friedrichskoogfewo.de\/nordsee\/wp-content\/uploads\/2025\/07\/Logo-Ferienwohnungen-am-Wattenmeer.png","datePublished":"2025-07-14T16:49:59+00:00","dateModified":"2026-02-10T18:19:40+00:00","description":"Verf\u00fcgbare Ferienwohnungen Friedrichskoog: freie Termine, aktuelle Verf\u00fcgbarkeit, direkte Buchung Ihrer Wohnung, schnell & \u00fcbersichtlich","breadcrumb":{"@id":"https:\/\/friedrichskoogfewo.de\/nordsee\/verfuegbare-ferienwohnungen\/#breadcrumb"},"inLanguage":"de","potentialAction":[{"@type":"ReadAction","target":["https:\/\/friedrichskoogfewo.de\/nordsee\/verfuegbare-ferienwohnungen\/"]}]},{"@type":"ImageObject","inLanguage":"de","@id":"https:\/\/friedrichskoogfewo.de\/nordsee\/verfuegbare-ferienwohnungen\/#primaryimage","url":"https:\/\/friedrichskoogfewo.de\/nordsee\/wp-content\/uploads\/2025\/07\/Logo-Ferienwohnungen-am-Wattenmeer.png","contentUrl":"https:\/\/friedrichskoogfewo.de\/nordsee\/wp-content\/uploads\/2025\/07\/Logo-Ferienwohnungen-am-Wattenmeer.png","width":1200,"height":800,"caption":"G\u00e4ate-Info-Ordner"},{"@type":"BreadcrumbList","@id":"https:\/\/friedrichskoogfewo.de\/nordsee\/verfuegbare-ferienwohnungen\/#breadcrumb","itemListElement":[{"@type":"ListItem","position":1,"name":"Start","item":"https:\/\/friedrichskoogfewo.de\/nordsee\/"},{"@type":"ListItem","position":2,"name":"Verf\u00fcgbare Ferienwohnungen in Friedrichskoog"}]},{"@type":"WebSite","@id":"https:\/\/friedrichskoogfewo.de\/nordsee\/#website","url":"https:\/\/friedrichskoogfewo.de\/nordsee\/","name":"Ferienwohnungen am Wattenmeer-Ferien an der Nordsee-Auch mit Hund","description":"Urlaub an der Nordsee \u2013 auch mit Hund","publisher":{"@id":"https:\/\/friedrichskoogfewo.de\/nordsee\/#organization"},"potentialAction":[{"@type":"SearchAction","target":{"@type":"EntryPoint","urlTemplate":"https:\/\/friedrichskoogfewo.de\/nordsee\/?s={search_term_string}"},"query-input":{"@type":"PropertyValueSpecification","valueRequired":true,"valueName":"search_term_string"}}],"inLanguage":"de"},{"@type":"Organization","@id":"https:\/\/friedrichskoogfewo.de\/nordsee\/#organization","name":"Ferienwohnungen am Wattenmeer","url":"https:\/\/friedrichskoogfewo.de\/nordsee\/","logo":{"@type":"ImageObject","inLanguage":"de","@id":"https:\/\/friedrichskoogfewo.de\/nordsee\/#\/schema\/logo\/image\/","url":"https:\/\/friedrichskoogfewo.de\/nordsee\/wp-content\/uploads\/2025\/07\/Logo-Ferienwohnungen-am-Wattenmeer.png","contentUrl":"https:\/\/friedrichskoogfewo.de\/nordsee\/wp-content\/uploads\/2025\/07\/Logo-Ferienwohnungen-am-Wattenmeer.png","width":1200,"height":800,"caption":"Ferienwohnungen am Wattenmeer"},"image":{"@id":"https:\/\/friedrichskoogfewo.de\/nordsee\/#\/schema\/logo\/image\/"}}]}},"uagb_featured_image_src":{"full":["https:\/\/friedrichskoogfewo.de\/nordsee\/wp-content\/uploads\/2025\/07\/Logo-Ferienwohnungen-am-Wattenmeer.png",1200,800,false],"thumbnail":["https:\/\/friedrichskoogfewo.de\/nordsee\/wp-content\/uploads\/2025\/07\/Logo-Ferienwohnungen-am-Wattenmeer-150x150.png",150,150,true],"medium":["https:\/\/friedrichskoogfewo.de\/nordsee\/wp-content\/uploads\/2025\/07\/Logo-Ferienwohnungen-am-Wattenmeer-300x200.png",300,200,true],"medium_large":["https:\/\/friedrichskoogfewo.de\/nordsee\/wp-content\/uploads\/2025\/07\/Logo-Ferienwohnungen-am-Wattenmeer-768x512.png",768,512,true],"large":["https:\/\/friedrichskoogfewo.de\/nordsee\/wp-content\/uploads\/2025\/07\/Logo-Ferienwohnungen-am-Wattenmeer-1024x683.png",1024,683,true],"1536x1536":["https:\/\/friedrichskoogfewo.de\/nordsee\/wp-content\/uploads\/2025\/07\/Logo-Ferienwohnungen-am-Wattenmeer.png",1200,800,false],"2048x2048":["https:\/\/friedrichskoogfewo.de\/nordsee\/wp-content\/uploads\/2025\/07\/Logo-Ferienwohnungen-am-Wattenmeer.png",1200,800,false]},"uagb_author_info":{"display_name":"Marcus","author_link":"https:\/\/friedrichskoogfewo.de\/nordsee\/author\/marcus\/"},"uagb_comment_info":0,"uagb_excerpt":"Verf\u00fcgbare Wohnungen Auf dieser Seite sehen Sie tagesaktuell, welche Ferienwohnungen in Ihrem gew\u00fcnschten Reisezeitraum frei sind. So erhalten Sie schnell einen zuverl\u00e4ssigen \u00dcberblick \u00fcber freie Termine und m\u00f6gliche Anreisezeitr\u00e4ume. W\u00e4hlen Sie einfach den gew\u00fcnschten Zeitraum und anschlie\u00dfend die passende Unterkunft aus. Die Anzeige wird automatisch aktualisiert und dient Ihrer unverbindlichen Orientierung, damit Sie Ihre Urlaubsplanung&hellip;","_links":{"self":[{"href":"https:\/\/friedrichskoogfewo.de\/nordsee\/wp-json\/wp\/v2\/pages\/1001","targetHints":{"allow":["GET"]}}],"collection":[{"href":"https:\/\/friedrichskoogfewo.de\/nordsee\/wp-json\/wp\/v2\/pages"}],"about":[{"href":"https:\/\/friedrichskoogfewo.de\/nordsee\/wp-json\/wp\/v2\/types\/page"}],"author":[{"embeddable":true,"href":"https:\/\/friedrichskoogfewo.de\/nordsee\/wp-json\/wp\/v2\/users\/1"}],"replies":[{"embeddable":true,"href":"https:\/\/friedrichskoogfewo.de\/nordsee\/wp-json\/wp\/v2\/comments?post=1001"}],"version-history":[{"count":31,"href":"https:\/\/friedrichskoogfewo.de\/nordsee\/wp-json\/wp\/v2\/pages\/1001\/revisions"}],"predecessor-version":[{"id":1484,"href":"https:\/\/friedrichskoogfewo.de\/nordsee\/wp-json\/wp\/v2\/pages\/1001\/revisions\/1484"}],"wp:featuredmedia":[{"embeddable":true,"href":"https:\/\/friedrichskoogfewo.de\/nordsee\/wp-json\/wp\/v2\/media\/1180"}],"wp:attachment":[{"href":"https:\/\/friedrichskoogfewo.de\/nordsee\/wp-json\/wp\/v2\/media?parent=1001"}],"curies":[{"name":"wp","href":"https:\/\/api.w.org\/{rel}","templated":true}]}}