{"id":1022,"date":"2025-07-15T09:01:12","date_gmt":"2025-07-15T07:01:12","guid":{"rendered":"https:\/\/friedrichskoogfewo.de\/nordsee\/?page_id=1022"},"modified":"2026-02-08T22:17:35","modified_gmt":"2026-02-08T21:17:35","slug":"last-minute-angebote","status":"publish","type":"page","link":"https:\/\/friedrichskoogfewo.de\/nordsee\/last-minute-angebote\/","title":{"rendered":"Last-Minute-Angebote"},"content":{"rendered":"\n<div class=\"wp-block-uagb-container uagb-block-20a52c19 alignfull uagb-is-root-container\"><div class=\"uagb-container-inner-blocks-wrap\"><\/div><\/div>\n\n\n\n<div style=\"padding: 30px; max-width: 900px; margin: auto;\">\n\n  <h2 style=\"margin-bottom: 20px; text-align: center;\">\n    Last-Minute-Angebote f\u00fcr unsere Ferienwohnungen in Friedrichskoog\n  <\/h2>\n\n  <p style=\"text-align: center;\">\n    <strong>Spontan verreisen und Preisvorteile sichern.<\/strong><br>\n    F\u00fcr kurzfristige Urlaubsplaner bieten wir attraktive <strong>Angebote<\/strong>\n    f\u00fcr unsere Ferienwohnungen in Friedrichskoog.\n  <\/p>\n\n  <h3 style=\"margin-top: 30px; text-align: center;\">Was sind Last-Minute-Angebote bei uns?<\/h3>\n  <p style=\"text-align: center;\">\n    Unsere <strong>Last-Minute-Angebote<\/strong> gelten f\u00fcr Buchungen bis 7 Tage vor Anreise.\n    In diesem Zeitraum erhalten Sie einen <strong>Rabatt von 15&nbsp;% auf den \u00dcbernachtungspreis<\/strong>\n    f\u00fcr unsere Ferienwohnungen.\n  <\/p>\n\n  <h3 style=\"margin-top: 30px; text-align: center;\">F\u00fcr wen eignen sich die Angebote?<\/h3>\n  <ul style=\"text-align: center; list-style-position: inside;\">\n    <li>f\u00fcr flexible Urlauber<\/li>\n    <li>f\u00fcr spontane Auszeiten an der Nordsee<\/li>\n    <li>f\u00fcr Paare, Familien oder Urlaub mit Hund<\/li>\n  <\/ul>\n\n  <h3 style=\"margin-top: 30px; text-align: center;\">So nutzen Sie Ihre Angebote<\/h3>\n  <p style=\"text-align: center;\">\n    W\u00e4hlen Sie Ihre gew\u00fcnschte Ferienwohnung und einen kurzfristig verf\u00fcgbaren Reisezeitraum aus.\n    Der reduzierte Preis wird automatisch im <strong>Last-Minute-Angebot<\/strong> ber\u00fccksichtigt.\n  <\/p>\n\n  <h3 style=\"margin-top: 30px; text-align: center;\">Fragen zu unseren Last-Minute-Angeboten?<\/h3>\n  <p style=\"text-align: center;\">\n    Sie haben Fragen zu unseren kurzfristigen Angeboten? Kontaktieren Sie uns gerne direkt:\n  <\/p>\n\n  <p style=\"text-align: center;\">\n    E-Mail: <a href=\"mailto:buchungen@friedrichskoogfewo.de\">buchungen@friedrichskoogfewo.de<\/a><br>\n    Telefon: <a href=\"tel:+4915569248791\">+49&nbsp;155&nbsp;69248791<\/a>\n  <\/p>\n\n<\/div>\n\n\n\n\n<div class=\"wp-block-uagb-buttons uagb-buttons__outer-wrap uagb-btn__default-btn uagb-btn-tablet__default-btn uagb-btn-mobile__default-btn uagb-block-a7b91a77\"><div class=\"uagb-buttons__wrap uagb-buttons-layout-wrap \">\n<div class=\"wp-block-uagb-buttons-child uagb-buttons__outer-wrap uagb-block-f7ae6360 wp-block-button\"><div class=\"uagb-button__wrapper\"><a class=\"uagb-buttons-repeater wp-block-button__link\" aria-label=\"\" href=\"javascript:history.back()\" rel=\"follow noopener\" target=\"_self\" role=\"button\"><div class=\"uagb-button__link\">Zur\u00fcck<\/div><\/a><\/div><\/div>\n<\/div><\/div>\n\n\n\n<div class=\"wp-block-uagb-container custom-footer uagb-block-8975afc3 alignfull uagb-is-root-container\"><div class=\"uagb-container-inner-blocks-wrap\">\n<div class=\"footer-links\">\n  <a href=\"\/impressum\">Kontakt \/ Impressum<\/a> |\n  <a href=\"\/agb\">AGB<\/a> |\n  <a href=\"\/anfahrt\">Anfahrt<\/a>\n  <a href=\"mailto:buchungen@friedrichskoogfewo.de\">buchungen@friedrichskoogfewo.de<\/a><br>\n<\/div>\n<div class=\"footer-copy\">\n  \u00a9 2026 Ferienwohnungen am Wattenmeer\n<\/div>\n<\/div><\/div>\n\n\n\n<p><\/p>\n","protected":false},"excerpt":{"rendered":"<p>Last-Minute-Angebote f\u00fcr unsere Ferienwohnungen in Friedrichskoog Spontan verreisen und Preisvorteile sichern. F\u00fcr kurzfristige Urlaubsplaner bieten wir attraktive Angebote f\u00fcr unsere Ferienwohnungen in Friedrichskoog. Was sind Last-Minute-Angebote bei uns? Unsere Last-Minute-Angebote gelten f\u00fcr Buchungen bis 7 Tage vor Anreise. In diesem Zeitraum erhalten Sie einen Rabatt von 15&nbsp;% auf den \u00dcbernachtungspreis f\u00fcr unsere Ferienwohnungen. F\u00fcr wen [&hellip;]<\/p>\n","protected":false},"author":1,"featured_media":227,"parent":0,"menu_order":0,"comment_status":"closed","ping_status":"closed","template":"blank","meta":{"_uag_custom_page_level_css":"","footnotes":""},"class_list":["post-1022","page","type-page","status-publish","has-post-thumbnail","hentry"],"yoast_head":"<!-- This site is optimized with the Yoast SEO plugin v27.4 - https:\/\/yoast.com\/product\/yoast-seo-wordpress\/ -->\n<title>Last-Minute-Angebote - Ferienwohnungen am Wattenmeer<\/title>\n<meta name=\"description\" content=\"Entdecken Sie unsere Last-Minute-Angebote in Friedrichskoog \u2013 kurzfristig buchen, entspannen und attraktive Preise sichern!\" \/>\n<meta name=\"robots\" content=\"index, follow, max-snippet:-1, max-image-preview:large, max-video-preview:-1\" \/>\n<link rel=\"canonical\" href=\"https:\/\/friedrichskoogfewo.de\/nordsee\/last-minute-angebote\/\" \/>\n<meta property=\"og:locale\" content=\"de_DE\" \/>\n<meta property=\"og:type\" content=\"article\" \/>\n<meta property=\"og:title\" content=\"Last-Minute-Angebote - Ferienwohnungen am Wattenmeer\" \/>\n<meta property=\"og:description\" content=\"Entdecken Sie unsere Last-Minute-Angebote in Friedrichskoog \u2013 kurzfristig buchen, entspannen und attraktive Preise sichern!\" \/>\n<meta property=\"og:url\" content=\"https:\/\/friedrichskoogfewo.de\/nordsee\/last-minute-angebote\/\" \/>\n<meta property=\"og:site_name\" content=\"Ferienwohnungen am Wattenmeer\" \/>\n<meta property=\"article:modified_time\" content=\"2026-02-08T21:17:35+00:00\" \/>\n<meta property=\"og:image\" content=\"https:\/\/friedrichskoogfewo.de\/nordsee\/wp-content\/uploads\/2023\/05\/IMG_3044-scaled.jpg\" \/>\n\t<meta property=\"og:image:width\" content=\"2560\" \/>\n\t<meta property=\"og:image:height\" content=\"1920\" \/>\n\t<meta property=\"og:image:type\" content=\"image\/jpeg\" \/>\n<meta name=\"twitter:card\" content=\"summary_large_image\" \/>\n<meta name=\"twitter:label1\" content=\"Gesch\u00e4tzte Lesezeit\" \/>\n\t<meta name=\"twitter:data1\" content=\"1\u00a0Minute\" \/>\n<script type=\"application\/ld+json\" class=\"yoast-schema-graph\">{\"@context\":\"https:\\\/\\\/schema.org\",\"@graph\":[{\"@type\":\"WebPage\",\"@id\":\"https:\\\/\\\/friedrichskoogfewo.de\\\/nordsee\\\/last-minute-angebote\\\/\",\"url\":\"https:\\\/\\\/friedrichskoogfewo.de\\\/nordsee\\\/last-minute-angebote\\\/\",\"name\":\"Last-Minute-Angebote - Ferienwohnungen am Wattenmeer\",\"isPartOf\":{\"@id\":\"https:\\\/\\\/friedrichskoogfewo.de\\\/nordsee\\\/#website\"},\"primaryImageOfPage\":{\"@id\":\"https:\\\/\\\/friedrichskoogfewo.de\\\/nordsee\\\/last-minute-angebote\\\/#primaryimage\"},\"image\":{\"@id\":\"https:\\\/\\\/friedrichskoogfewo.de\\\/nordsee\\\/last-minute-angebote\\\/#primaryimage\"},\"thumbnailUrl\":\"https:\\\/\\\/friedrichskoogfewo.de\\\/nordsee\\\/wp-content\\\/uploads\\\/2023\\\/05\\\/IMG_3044-scaled.jpg\",\"datePublished\":\"2025-07-15T07:01:12+00:00\",\"dateModified\":\"2026-02-08T21:17:35+00:00\",\"description\":\"Entdecken Sie unsere Last-Minute-Angebote in Friedrichskoog \u2013 kurzfristig buchen, entspannen und attraktive Preise sichern!\",\"breadcrumb\":{\"@id\":\"https:\\\/\\\/friedrichskoogfewo.de\\\/nordsee\\\/last-minute-angebote\\\/#breadcrumb\"},\"inLanguage\":\"de\",\"potentialAction\":[{\"@type\":\"ReadAction\",\"target\":[\"https:\\\/\\\/friedrichskoogfewo.de\\\/nordsee\\\/last-minute-angebote\\\/\"]}]},{\"@type\":\"ImageObject\",\"inLanguage\":\"de\",\"@id\":\"https:\\\/\\\/friedrichskoogfewo.de\\\/nordsee\\\/last-minute-angebote\\\/#primaryimage\",\"url\":\"https:\\\/\\\/friedrichskoogfewo.de\\\/nordsee\\\/wp-content\\\/uploads\\\/2023\\\/05\\\/IMG_3044-scaled.jpg\",\"contentUrl\":\"https:\\\/\\\/friedrichskoogfewo.de\\\/nordsee\\\/wp-content\\\/uploads\\\/2023\\\/05\\\/IMG_3044-scaled.jpg\",\"width\":2560,\"height\":1920,\"caption\":\"Last-Minute-Angebote, Schafe am Deich\"},{\"@type\":\"BreadcrumbList\",\"@id\":\"https:\\\/\\\/friedrichskoogfewo.de\\\/nordsee\\\/last-minute-angebote\\\/#breadcrumb\",\"itemListElement\":[{\"@type\":\"ListItem\",\"position\":1,\"name\":\"Start\",\"item\":\"https:\\\/\\\/friedrichskoogfewo.de\\\/nordsee\\\/\"},{\"@type\":\"ListItem\",\"position\":2,\"name\":\"Last-Minute-Angebote\"}]},{\"@type\":\"WebSite\",\"@id\":\"https:\\\/\\\/friedrichskoogfewo.de\\\/nordsee\\\/#website\",\"url\":\"https:\\\/\\\/friedrichskoogfewo.de\\\/nordsee\\\/\",\"name\":\"Ferienwohnungen am Wattenmeer-Ferien an der Nordsee-Auch mit Hund\",\"description\":\"Urlaub an der Nordsee \u2013 auch mit Hund\",\"publisher\":{\"@id\":\"https:\\\/\\\/friedrichskoogfewo.de\\\/nordsee\\\/#organization\"},\"potentialAction\":[{\"@type\":\"SearchAction\",\"target\":{\"@type\":\"EntryPoint\",\"urlTemplate\":\"https:\\\/\\\/friedrichskoogfewo.de\\\/nordsee\\\/?s={search_term_string}\"},\"query-input\":{\"@type\":\"PropertyValueSpecification\",\"valueRequired\":true,\"valueName\":\"search_term_string\"}}],\"inLanguage\":\"de\"},{\"@type\":\"Organization\",\"@id\":\"https:\\\/\\\/friedrichskoogfewo.de\\\/nordsee\\\/#organization\",\"name\":\"Ferienwohnungen am Wattenmeer\",\"url\":\"https:\\\/\\\/friedrichskoogfewo.de\\\/nordsee\\\/\",\"logo\":{\"@type\":\"ImageObject\",\"inLanguage\":\"de\",\"@id\":\"https:\\\/\\\/friedrichskoogfewo.de\\\/nordsee\\\/#\\\/schema\\\/logo\\\/image\\\/\",\"url\":\"https:\\\/\\\/friedrichskoogfewo.de\\\/nordsee\\\/wp-content\\\/uploads\\\/2025\\\/07\\\/Logo-Ferienwohnungen-am-Wattenmeer.png\",\"contentUrl\":\"https:\\\/\\\/friedrichskoogfewo.de\\\/nordsee\\\/wp-content\\\/uploads\\\/2025\\\/07\\\/Logo-Ferienwohnungen-am-Wattenmeer.png\",\"width\":1200,\"height\":800,\"caption\":\"Ferienwohnungen am Wattenmeer\"},\"image\":{\"@id\":\"https:\\\/\\\/friedrichskoogfewo.de\\\/nordsee\\\/#\\\/schema\\\/logo\\\/image\\\/\"}}]}<\/script>\n<!-- \/ Yoast SEO plugin. -->","yoast_head_json":{"title":"Last-Minute-Angebote - Ferienwohnungen am Wattenmeer","description":"Entdecken Sie unsere Last-Minute-Angebote in Friedrichskoog \u2013 kurzfristig buchen, entspannen und attraktive Preise sichern!","robots":{"index":"index","follow":"follow","max-snippet":"max-snippet:-1","max-image-preview":"max-image-preview:large","max-video-preview":"max-video-preview:-1"},"canonical":"https:\/\/friedrichskoogfewo.de\/nordsee\/last-minute-angebote\/","og_locale":"de_DE","og_type":"article","og_title":"Last-Minute-Angebote - Ferienwohnungen am Wattenmeer","og_description":"Entdecken Sie unsere Last-Minute-Angebote in Friedrichskoog \u2013 kurzfristig buchen, entspannen und attraktive Preise sichern!","og_url":"https:\/\/friedrichskoogfewo.de\/nordsee\/last-minute-angebote\/","og_site_name":"Ferienwohnungen am Wattenmeer","article_modified_time":"2026-02-08T21:17:35+00:00","og_image":[{"width":2560,"height":1920,"url":"https:\/\/friedrichskoogfewo.de\/nordsee\/wp-content\/uploads\/2023\/05\/IMG_3044-scaled.jpg","type":"image\/jpeg"}],"twitter_card":"summary_large_image","twitter_misc":{"Gesch\u00e4tzte Lesezeit":"1\u00a0Minute"},"schema":{"@context":"https:\/\/schema.org","@graph":[{"@type":"WebPage","@id":"https:\/\/friedrichskoogfewo.de\/nordsee\/last-minute-angebote\/","url":"https:\/\/friedrichskoogfewo.de\/nordsee\/last-minute-angebote\/","name":"Last-Minute-Angebote - Ferienwohnungen am Wattenmeer","isPartOf":{"@id":"https:\/\/friedrichskoogfewo.de\/nordsee\/#website"},"primaryImageOfPage":{"@id":"https:\/\/friedrichskoogfewo.de\/nordsee\/last-minute-angebote\/#primaryimage"},"image":{"@id":"https:\/\/friedrichskoogfewo.de\/nordsee\/last-minute-angebote\/#primaryimage"},"thumbnailUrl":"https:\/\/friedrichskoogfewo.de\/nordsee\/wp-content\/uploads\/2023\/05\/IMG_3044-scaled.jpg","datePublished":"2025-07-15T07:01:12+00:00","dateModified":"2026-02-08T21:17:35+00:00","description":"Entdecken Sie unsere Last-Minute-Angebote in Friedrichskoog \u2013 kurzfristig buchen, entspannen und attraktive Preise sichern!","breadcrumb":{"@id":"https:\/\/friedrichskoogfewo.de\/nordsee\/last-minute-angebote\/#breadcrumb"},"inLanguage":"de","potentialAction":[{"@type":"ReadAction","target":["https:\/\/friedrichskoogfewo.de\/nordsee\/last-minute-angebote\/"]}]},{"@type":"ImageObject","inLanguage":"de","@id":"https:\/\/friedrichskoogfewo.de\/nordsee\/last-minute-angebote\/#primaryimage","url":"https:\/\/friedrichskoogfewo.de\/nordsee\/wp-content\/uploads\/2023\/05\/IMG_3044-scaled.jpg","contentUrl":"https:\/\/friedrichskoogfewo.de\/nordsee\/wp-content\/uploads\/2023\/05\/IMG_3044-scaled.jpg","width":2560,"height":1920,"caption":"Last-Minute-Angebote, Schafe am Deich"},{"@type":"BreadcrumbList","@id":"https:\/\/friedrichskoogfewo.de\/nordsee\/last-minute-angebote\/#breadcrumb","itemListElement":[{"@type":"ListItem","position":1,"name":"Start","item":"https:\/\/friedrichskoogfewo.de\/nordsee\/"},{"@type":"ListItem","position":2,"name":"Last-Minute-Angebote"}]},{"@type":"WebSite","@id":"https:\/\/friedrichskoogfewo.de\/nordsee\/#website","url":"https:\/\/friedrichskoogfewo.de\/nordsee\/","name":"Ferienwohnungen am Wattenmeer-Ferien an der Nordsee-Auch mit Hund","description":"Urlaub an der Nordsee \u2013 auch mit Hund","publisher":{"@id":"https:\/\/friedrichskoogfewo.de\/nordsee\/#organization"},"potentialAction":[{"@type":"SearchAction","target":{"@type":"EntryPoint","urlTemplate":"https:\/\/friedrichskoogfewo.de\/nordsee\/?s={search_term_string}"},"query-input":{"@type":"PropertyValueSpecification","valueRequired":true,"valueName":"search_term_string"}}],"inLanguage":"de"},{"@type":"Organization","@id":"https:\/\/friedrichskoogfewo.de\/nordsee\/#organization","name":"Ferienwohnungen am Wattenmeer","url":"https:\/\/friedrichskoogfewo.de\/nordsee\/","logo":{"@type":"ImageObject","inLanguage":"de","@id":"https:\/\/friedrichskoogfewo.de\/nordsee\/#\/schema\/logo\/image\/","url":"https:\/\/friedrichskoogfewo.de\/nordsee\/wp-content\/uploads\/2025\/07\/Logo-Ferienwohnungen-am-Wattenmeer.png","contentUrl":"https:\/\/friedrichskoogfewo.de\/nordsee\/wp-content\/uploads\/2025\/07\/Logo-Ferienwohnungen-am-Wattenmeer.png","width":1200,"height":800,"caption":"Ferienwohnungen am Wattenmeer"},"image":{"@id":"https:\/\/friedrichskoogfewo.de\/nordsee\/#\/schema\/logo\/image\/"}}]}},"uagb_featured_image_src":{"full":["https:\/\/friedrichskoogfewo.de\/nordsee\/wp-content\/uploads\/2023\/05\/IMG_3044-scaled.jpg",2560,1920,false],"thumbnail":["https:\/\/friedrichskoogfewo.de\/nordsee\/wp-content\/uploads\/2023\/05\/IMG_3044-150x150.jpg",150,150,true],"medium":["https:\/\/friedrichskoogfewo.de\/nordsee\/wp-content\/uploads\/2023\/05\/IMG_3044-300x225.jpg",300,225,true],"medium_large":["https:\/\/friedrichskoogfewo.de\/nordsee\/wp-content\/uploads\/2023\/05\/IMG_3044-768x576.jpg",768,576,true],"large":["https:\/\/friedrichskoogfewo.de\/nordsee\/wp-content\/uploads\/2023\/05\/IMG_3044-1024x768.jpg",1024,768,true],"1536x1536":["https:\/\/friedrichskoogfewo.de\/nordsee\/wp-content\/uploads\/2023\/05\/IMG_3044-1536x1152.jpg",1536,1152,true],"2048x2048":["https:\/\/friedrichskoogfewo.de\/nordsee\/wp-content\/uploads\/2023\/05\/IMG_3044-2048x1536.jpg",2048,1536,true]},"uagb_author_info":{"display_name":"Marcus","author_link":"https:\/\/friedrichskoogfewo.de\/nordsee\/author\/marcus\/"},"uagb_comment_info":0,"uagb_excerpt":"Last-Minute-Angebote f\u00fcr unsere Ferienwohnungen in Friedrichskoog Spontan verreisen und Preisvorteile sichern. F\u00fcr kurzfristige Urlaubsplaner bieten wir attraktive Angebote f\u00fcr unsere Ferienwohnungen in Friedrichskoog. Was sind Last-Minute-Angebote bei uns? Unsere Last-Minute-Angebote gelten f\u00fcr Buchungen bis 7 Tage vor Anreise. In diesem Zeitraum erhalten Sie einen Rabatt von 15&nbsp;% auf den \u00dcbernachtungspreis f\u00fcr unsere Ferienwohnungen. F\u00fcr wen&hellip;","_links":{"self":[{"href":"https:\/\/friedrichskoogfewo.de\/nordsee\/wp-json\/wp\/v2\/pages\/1022","targetHints":{"allow":["GET"]}}],"collection":[{"href":"https:\/\/friedrichskoogfewo.de\/nordsee\/wp-json\/wp\/v2\/pages"}],"about":[{"href":"https:\/\/friedrichskoogfewo.de\/nordsee\/wp-json\/wp\/v2\/types\/page"}],"author":[{"embeddable":true,"href":"https:\/\/friedrichskoogfewo.de\/nordsee\/wp-json\/wp\/v2\/users\/1"}],"replies":[{"embeddable":true,"href":"https:\/\/friedrichskoogfewo.de\/nordsee\/wp-json\/wp\/v2\/comments?post=1022"}],"version-history":[{"count":26,"href":"https:\/\/friedrichskoogfewo.de\/nordsee\/wp-json\/wp\/v2\/pages\/1022\/revisions"}],"predecessor-version":[{"id":1414,"href":"https:\/\/friedrichskoogfewo.de\/nordsee\/wp-json\/wp\/v2\/pages\/1022\/revisions\/1414"}],"wp:featuredmedia":[{"embeddable":true,"href":"https:\/\/friedrichskoogfewo.de\/nordsee\/wp-json\/wp\/v2\/media\/227"}],"wp:attachment":[{"href":"https:\/\/friedrichskoogfewo.de\/nordsee\/wp-json\/wp\/v2\/media?parent=1022"}],"curies":[{"name":"wp","href":"https:\/\/api.w.org\/{rel}","templated":true}]}}