{"id":1105,"date":"2025-07-16T15:22:47","date_gmt":"2025-07-16T13:22:47","guid":{"rendered":"https:\/\/friedrichskoogfewo.de\/nordsee\/?page_id=1105"},"modified":"2026-02-09T14:14:33","modified_gmt":"2026-02-09T13:14:33","slug":"garten-ausflugsziele","status":"publish","type":"page","link":"https:\/\/friedrichskoogfewo.de\/nordsee\/garten-ausflugsziele\/","title":{"rendered":"Familienfreundliche Ferienwohnungen in Friedrichskoog mit Garten"},"content":{"rendered":"\n<div class=\"wp-block-uagb-container uagb-block-20a52c19 alignfull uagb-is-root-container\"><div class=\"uagb-container-inner-blocks-wrap\"><\/div><\/div>\n\n\n\n<div style=\"padding: 30px; max-width: 1000px; margin: auto;\">\n\n  <h2 style=\"margin-bottom: 20px; text-align: center;\">\n  Familienfreundliche Ferienwohnungen<br>\nin Friedrichskoog<\/h2>\n\n <h3 style=\"text-align: center;\">Gro\u00dfer Garten mit Spielger\u00e4ten<\/h3>\n\n  <p>\n    Unsere familienfreundlichen Ferienwohnungen in Friedrichskoog bieten Ihnen einen\n    gro\u00dfz\u00fcgigen Garten mit zahlreichen Spielger\u00e4ten, auf dem Kinder nach Herzenslust\n    spielen, klettern und toben k\u00f6nnen. W\u00e4hrend die Kleinen besch\u00e4ftigt sind, k\u00f6nnen\n    Eltern im Gr\u00fcnen entspannen oder gemeinsam Zeit mit der Familie verbringen. Der\n    Garten ist ideal f\u00fcr gemeinsame Aktivit\u00e4ten oder einfach zum Ausruhen\n    an der frischen Nordseeluft.\n  <\/p>\n\n  \n<\/div>\n\n\n\n<div id=\"metaslider-id-1436\" style=\"max-width: 900px; margin: 0 auto;\" class=\"ml-slider-3-107-0 metaslider metaslider-flex metaslider-1436 ml-slider has-dots-nav ms-theme-default\" role=\"region\" aria-label=\"Garten\" data-height=\"700\" data-width=\"900\">\n    <div id=\"metaslider_container_1436\">\n        <div id=\"metaslider_1436\">\n            <ul class='slides'>\n                <li style=\"display: block; width: 100%;\" class=\"slide-1437 ms-image \" aria-roledescription=\"slide\" data-date=\"2026-02-09 10:58:44\" data-filename=\"IMG_3472.jpg\" data-slide-type=\"image\"><img loading=\"lazy\" decoding=\"async\" width=\"1200\" height=\"900\" src=\"https:\/\/friedrichskoogfewo.de\/nordsee\/wp-content\/uploads\/2025\/07\/IMG_3472.jpg\" class=\"slider-1436 slide-1437 msDefaultImage\" alt=\"\" rel=\"\" title=\"IMG_3472\" style=\"margin-top: 1.3888888888889%\" srcset=\"https:\/\/friedrichskoogfewo.de\/nordsee\/wp-content\/uploads\/2025\/07\/IMG_3472.jpg 1200w, https:\/\/friedrichskoogfewo.de\/nordsee\/wp-content\/uploads\/2025\/07\/IMG_3472-300x225.jpg 300w, https:\/\/friedrichskoogfewo.de\/nordsee\/wp-content\/uploads\/2025\/07\/IMG_3472-768x576.jpg 768w, https:\/\/friedrichskoogfewo.de\/nordsee\/wp-content\/uploads\/2025\/07\/IMG_3472-1024x768.jpg 1024w\" sizes=\"auto, (max-width: 1200px) 100vw, 1200px\" \/><\/li>\n                <li style=\"display: none; width: 100%;\" class=\"slide-1438 ms-image \" aria-roledescription=\"slide\" data-date=\"2026-02-09 10:58:44\" data-filename=\"IMG_3350.jpg\" data-slide-type=\"image\"><img loading=\"lazy\" decoding=\"async\" width=\"1200\" height=\"900\" src=\"https:\/\/friedrichskoogfewo.de\/nordsee\/wp-content\/uploads\/2025\/06\/IMG_3350.jpg\" class=\"slider-1436 slide-1438 msDefaultImage\" alt=\"Familienfreundliche Ferienwohnungen, gro\u00dfer Garten\" rel=\"\" title=\"Garten\" style=\"margin-top: 1.3888888888889%\" srcset=\"https:\/\/friedrichskoogfewo.de\/nordsee\/wp-content\/uploads\/2025\/06\/IMG_3350.jpg 1200w, https:\/\/friedrichskoogfewo.de\/nordsee\/wp-content\/uploads\/2025\/06\/IMG_3350-300x225.jpg 300w, https:\/\/friedrichskoogfewo.de\/nordsee\/wp-content\/uploads\/2025\/06\/IMG_3350-768x576.jpg 768w, https:\/\/friedrichskoogfewo.de\/nordsee\/wp-content\/uploads\/2025\/06\/IMG_3350-1024x768.jpg 1024w\" sizes=\"auto, (max-width: 1200px) 100vw, 1200px\" \/><\/li>\n                <li style=\"display: none; width: 100%;\" class=\"slide-1439 ms-image \" aria-roledescription=\"slide\" data-date=\"2026-02-09 10:58:44\" data-filename=\"IMG_3356.jpg\" data-slide-type=\"image\"><img loading=\"lazy\" decoding=\"async\" width=\"1200\" height=\"900\" src=\"https:\/\/friedrichskoogfewo.de\/nordsee\/wp-content\/uploads\/2025\/06\/IMG_3356.jpg\" class=\"slider-1436 slide-1439 msDefaultImage\" alt=\"\" rel=\"\" title=\"IMG_3356\" style=\"margin-top: 1.3888888888889%\" srcset=\"https:\/\/friedrichskoogfewo.de\/nordsee\/wp-content\/uploads\/2025\/06\/IMG_3356.jpg 1200w, https:\/\/friedrichskoogfewo.de\/nordsee\/wp-content\/uploads\/2025\/06\/IMG_3356-300x225.jpg 300w, https:\/\/friedrichskoogfewo.de\/nordsee\/wp-content\/uploads\/2025\/06\/IMG_3356-768x576.jpg 768w, https:\/\/friedrichskoogfewo.de\/nordsee\/wp-content\/uploads\/2025\/06\/IMG_3356-1024x768.jpg 1024w\" sizes=\"auto, (max-width: 1200px) 100vw, 1200px\" \/><\/li>\n                <li style=\"display: none; width: 100%;\" class=\"slide-1440 ms-image \" aria-roledescription=\"slide\" data-date=\"2026-02-09 10:58:45\" data-filename=\"IMG_3348.jpg\" data-slide-type=\"image\"><img loading=\"lazy\" decoding=\"async\" width=\"1200\" height=\"900\" src=\"https:\/\/friedrichskoogfewo.de\/nordsee\/wp-content\/uploads\/2025\/06\/IMG_3348.jpg\" class=\"slider-1436 slide-1440 msDefaultImage\" alt=\"\" rel=\"\" title=\"Garten\" style=\"margin-top: 1.3888888888889%\" srcset=\"https:\/\/friedrichskoogfewo.de\/nordsee\/wp-content\/uploads\/2025\/06\/IMG_3348.jpg 1200w, https:\/\/friedrichskoogfewo.de\/nordsee\/wp-content\/uploads\/2025\/06\/IMG_3348-300x225.jpg 300w, https:\/\/friedrichskoogfewo.de\/nordsee\/wp-content\/uploads\/2025\/06\/IMG_3348-768x576.jpg 768w, https:\/\/friedrichskoogfewo.de\/nordsee\/wp-content\/uploads\/2025\/06\/IMG_3348-1024x768.jpg 1024w\" sizes=\"auto, (max-width: 1200px) 100vw, 1200px\" \/><\/li>\n                <li style=\"display: none; width: 100%;\" class=\"slide-1441 ms-image \" aria-roledescription=\"slide\" data-date=\"2026-02-09 10:58:45\" data-filename=\"IMG_3347.jpg\" data-slide-type=\"image\"><img loading=\"lazy\" decoding=\"async\" width=\"1200\" height=\"900\" src=\"https:\/\/friedrichskoogfewo.de\/nordsee\/wp-content\/uploads\/2025\/06\/IMG_3347.jpg\" class=\"slider-1436 slide-1441 msDefaultImage\" alt=\"\" rel=\"\" title=\"Garten\" style=\"margin-top: 1.3888888888889%\" srcset=\"https:\/\/friedrichskoogfewo.de\/nordsee\/wp-content\/uploads\/2025\/06\/IMG_3347.jpg 1200w, https:\/\/friedrichskoogfewo.de\/nordsee\/wp-content\/uploads\/2025\/06\/IMG_3347-300x225.jpg 300w, https:\/\/friedrichskoogfewo.de\/nordsee\/wp-content\/uploads\/2025\/06\/IMG_3347-768x576.jpg 768w, https:\/\/friedrichskoogfewo.de\/nordsee\/wp-content\/uploads\/2025\/06\/IMG_3347-1024x768.jpg 1024w\" sizes=\"auto, (max-width: 1200px) 100vw, 1200px\" \/><\/li>\n            <\/ul>\n        <\/div>\n        \n    <\/div>\n<\/div>\n\n\n\n<div style=\"padding: 30px; max-width: 1000px; margin: auto;\">\n\n  <h3>Attraktive Ausflugsm\u00f6glichkeiten f\u00fcr die ganze Familie<\/h3>\n  <p>\n    Dank der ruhigen Lage und der guten Anbindung sind zahlreiche Ausflugsziele\n    in und um Friedrichskoog schnell erreichbar und sorgen f\u00fcr Abwechslung im\n    Urlaub. Einige Vorschl\u00e4ge haben wir f\u00fcr Sie gesammelt.\n  <\/p>\n\n<\/div>\n\n\n\n<div class=\"wp-block-uagb-container uagb-block-646db11b alignfull uagb-is-root-container\"><div class=\"uagb-container-inner-blocks-wrap\">\n<div class=\"wp-block-uagb-container uagb-block-b06b8a18\">\n<p class=\"has-text-align-center\"><strong>Seehundstation Friedrichskoog<\/strong><br>Auffangstation f\u00fcr Seehunde &amp; Kegelrobben mit F\u00fctterungen und Ausstellung.<\/p>\n<a class=\"spectra-container-link-overlay\" rel=\"noopener\" target=\"_blank\" href=\"https:\/\/www.seehundstation-friedrichskoog.de\/\"> <\/a><\/div>\n\n\n\n<div class=\"wp-block-uagb-container uagb-block-380430a9\">\n<p class=\"has-text-align-center\"><strong>Trischendamm<\/strong><br>2,2\u202fkm langer Deichweg ins Wattenmeer.<br>Ideal f\u00fcr Spazierg\u00e4nge.<\/p>\n<a class=\"spectra-container-link-overlay\" rel=\"noopener\" target=\"_blank\" href=\"https:\/\/de.wikipedia.org\/wiki\/Trischendamm\"> <\/a><\/div>\n\n\n\n<div class=\"wp-block-uagb-container uagb-block-50060f16\">\n<p class=\"has-text-align-center\"><strong>Gesundheits- und Therapiezentrum<\/strong><br>Kur- und Wellnessangebot im Nordseeheilbad.<\/p>\n<a class=\"spectra-container-link-overlay\" rel=\"noopener\" target=\"_blank\" href=\"https:\/\/www.gtz-friedrichskoog.de\/\"> <\/a><\/div>\n\n\n\n<div class=\"wp-block-uagb-container uagb-block-9e04662d\">\n<p class=\"has-text-align-center\"><strong>Schutzstation Wattenmeer<\/strong><br>Naturerlebnisse in Friedrichskoog Wattwanderungen, F\u00fchrungen und Exkursionen<\/p>\n<a class=\"spectra-container-link-overlay\" rel=\"noopener\" target=\"_blank\" href=\"https:\/\/www.schutzstation-wattenmeer.de\/unsere-stationen\/friedrichskoog\/\"> <\/a><\/div>\n\n\n\n<div class=\"wp-block-uagb-container uagb-block-c53e15cc\">\n<p class=\"has-text-align-center\"><strong>B\u00fcsum<\/strong><br>Aktive Krabben\u2011Kutterflotte, Ausflugsschiffe nach Helgoland\/See\u00adhundb\u00e4nke, Museumshafen. <\/p>\n<\/div>\n\n\n\n<div class=\"wp-block-uagb-container uagb-block-5952b7a9\">\n<p class=\"has-text-align-center\"><strong>Friedrichstadt<\/strong> <br>&#8222;Klein Amsterdam&#8220;<br>Ensemble sch\u00f6ner Treppengiebelh\u00e4user und Brunnenh\u00e4uschen von 1879.<\/p>\n<a class=\"spectra-container-link-overlay\" rel=\"noopener\" target=\"_blank\" href=\"https:\/\/de.wikipedia.org\/wiki\/Friedrichstadt\"> <\/a><\/div>\n<\/div><\/div>\n\n\n\n<div class=\"wp-block-uagb-container uagb-block-33926dca alignfull uagb-is-root-container\"><div class=\"uagb-container-inner-blocks-wrap\">\n<div class=\"wp-block-uagb-container uagb-block-96e6c660\">\n<p class=\"has-text-align-center\"><strong>Multimar Wattforum T\u00f6nning<\/strong><br>Interaktive Ausstellung zum Weltnaturerbe.<\/p>\n<a class=\"spectra-container-link-overlay\" rel=\"noopener\" target=\"_blank\" href=\"https:\/\/multimar-wattforum.de\/\"> <\/a><\/div>\n\n\n\n<div class=\"wp-block-uagb-container uagb-block-9808dc7a\">\n<p class=\"has-text-align-center\"><strong>Eidersperrwerk<\/strong><br>Wichtiger Hochwasserschutz; Aussichtsplattform mit Nordseeblick.<\/p>\n<a class=\"spectra-container-link-overlay\" rel=\"noopener\" target=\"_blank\" href=\"https:\/\/de.wikipedia.org\/wiki\/Eidersperrwerk\"> <\/a><\/div>\n\n\n\n<div class=\"wp-block-uagb-container uagb-block-560a8c28\">\n<p class=\"has-text-align-center\"><strong>Helgoland<\/strong><br>Mit dem Hochgeschwindigkeits-Katamaran <em>Halunder Jet<\/em> ab Brunsb\u00fcttel.<\/p>\n<a class=\"spectra-container-link-overlay\" rel=\"noopener\" target=\"_blank\" href=\"https:\/\/www.frs-helgoline.de\/brunsbuettel\"> <\/a><\/div>\n\n\n\n<div class=\"wp-block-uagb-container uagb-block-425d6f8f\">\n<p class=\"has-text-align-center\"><strong>Heide<\/strong><br>Der gr\u00f6\u00dfte unbebaute Marktplatz Deutschlands mit der St.-J\u00fcrgen-Kirche, frisch sanierte Sakralbau von 1435.<\/p>\n<a class=\"spectra-container-link-overlay\" rel=\"noopener\" target=\"_blank\" href=\"https:\/\/de.wikipedia.org\/wiki\/Heide_(Holstein)#Kultur_und_Sehensw%C3%BCrdigkeiten\"> <\/a><\/div>\n\n\n\n<div class=\"wp-block-uagb-container uagb-block-5d2a5a9c\">\n<p class=\"has-text-align-center\"><strong>Meldorf<\/strong><br>Dom, Dithmarscher Landesmuseum, historische Altstadt<\/p>\n<a class=\"spectra-container-link-overlay\" rel=\"noopener\" target=\"_blank\" href=\"https:\/\/de.wikipedia.org\/wiki\/Meldorf#Sehensw%C3%BCrdigkeiten_und_Kultur\"> <\/a><\/div>\n\n\n\n<div class=\"wp-block-uagb-container uagb-block-89ba341b\">\n<p><\/p>\n<\/div>\n<\/div><\/div>\n\n\n\n<div class=\"wp-block-uagb-container uagb-block-47c3e5c4 alignfull uagb-is-root-container\"><div class=\"uagb-container-inner-blocks-wrap\">\n<div class=\"wp-block-uagb-container uagb-block-80ca9060\">\n<p class=\"has-text-align-center\"><\/p>\n<\/div>\n\n\n\n<div class=\"wp-block-uagb-container uagb-block-155cb32e\">\n<p class=\"has-text-align-center\"><\/p>\n<\/div>\n\n\n\n<div class=\"wp-block-uagb-container uagb-block-65b7bd44\">\n<p class=\"has-text-align-center\"><\/p>\n<\/div>\n<\/div><\/div>\n\n\n\n<div class=\"wp-block-uagb-buttons uagb-buttons__outer-wrap uagb-btn__default-btn uagb-btn-tablet__default-btn uagb-btn-mobile__default-btn uagb-block-a7b91a77\"><div class=\"uagb-buttons__wrap uagb-buttons-layout-wrap \">\n<div class=\"wp-block-uagb-buttons-child uagb-buttons__outer-wrap uagb-block-f7ae6360 wp-block-button\"><div class=\"uagb-button__wrapper\"><a class=\"uagb-buttons-repeater wp-block-button__link\" aria-label=\"\" href=\"javascript:history.back()\" rel=\"follow noopener\" target=\"_self\" role=\"button\"><div class=\"uagb-button__link\">Zur\u00fcck<\/div><\/a><\/div><\/div>\n<\/div><\/div>\n\n\n\n<div class=\"wp-block-uagb-container custom-footer uagb-block-8975afc3 alignfull uagb-is-root-container\"><div class=\"uagb-container-inner-blocks-wrap\">\n<div class=\"footer-links\">\n  <a href=\"\/impressum\">Kontakt \/ Impressum<\/a> |\n  <a href=\"\/agb\">AGB<\/a> |\n  <a href=\"mailto:info@friedrichskoogfewo.de\">info@friedrichskoogfewo.de<\/a><br>\n<\/div>\n<div class=\"footer-copy\">\n  \u00a9 2025 Ferienwohnungen am Wattenmeer\n<\/div>\n<\/div><\/div>\n\n\n\n<p><\/p>\n","protected":false},"excerpt":{"rendered":"<p>Familienfreundliche Ferienwohnungen in Friedrichskoog Gro\u00dfer Garten mit Spielger\u00e4ten Unsere familienfreundlichen Ferienwohnungen in Friedrichskoog bieten Ihnen einen gro\u00dfz\u00fcgigen Garten mit zahlreichen Spielger\u00e4ten, auf dem Kinder nach Herzenslust spielen, klettern und toben k\u00f6nnen. W\u00e4hrend die Kleinen besch\u00e4ftigt sind, k\u00f6nnen Eltern im Gr\u00fcnen entspannen oder gemeinsam Zeit mit der Familie verbringen. Der Garten ist ideal f\u00fcr gemeinsame Aktivit\u00e4ten [&hellip;]<\/p>\n","protected":false},"author":1,"featured_media":843,"parent":0,"menu_order":0,"comment_status":"closed","ping_status":"closed","template":"blank","meta":{"_uag_custom_page_level_css":"","footnotes":""},"class_list":["post-1105","page","type-page","status-publish","has-post-thumbnail","hentry"],"yoast_head":"<!-- This site is optimized with the Yoast SEO plugin v27.4 - https:\/\/yoast.com\/product\/yoast-seo-wordpress\/ -->\n<title>Familienfreundliche Ferienwohnungen in Friedrichskoog mit Garten - Ferienwohnungen am Wattenmeer<\/title>\n<meta name=\"description\" content=\"Die familienfreundliche Ferienwohnungen bieten einen gro\u00dfen Garten mit Spielger\u00e4ten und Ausflugsm\u00f6glichkeiten f\u00fcr Gro\u00df &amp; Klein.\" \/>\n<meta name=\"robots\" content=\"index, follow, max-snippet:-1, max-image-preview:large, max-video-preview:-1\" \/>\n<link rel=\"canonical\" href=\"https:\/\/friedrichskoogfewo.de\/nordsee\/garten-ausflugsziele\/\" \/>\n<meta property=\"og:locale\" content=\"de_DE\" \/>\n<meta property=\"og:type\" content=\"article\" \/>\n<meta property=\"og:title\" content=\"Familienfreundliche Ferienwohnungen in Friedrichskoog mit Garten - Ferienwohnungen am Wattenmeer\" \/>\n<meta property=\"og:description\" content=\"Die familienfreundliche Ferienwohnungen bieten einen gro\u00dfen Garten mit Spielger\u00e4ten und Ausflugsm\u00f6glichkeiten f\u00fcr Gro\u00df &amp; Klein.\" \/>\n<meta property=\"og:url\" content=\"https:\/\/friedrichskoogfewo.de\/nordsee\/garten-ausflugsziele\/\" \/>\n<meta property=\"og:site_name\" content=\"Ferienwohnungen am Wattenmeer\" \/>\n<meta property=\"article:modified_time\" content=\"2026-02-09T13:14:33+00:00\" \/>\n<meta property=\"og:image\" content=\"https:\/\/friedrichskoogfewo.de\/nordsee\/wp-content\/uploads\/2025\/06\/IMG_3350.jpg\" \/>\n\t<meta property=\"og:image:width\" content=\"1200\" \/>\n\t<meta property=\"og:image:height\" content=\"900\" \/>\n\t<meta property=\"og:image:type\" content=\"image\/jpeg\" \/>\n<meta name=\"twitter:card\" content=\"summary_large_image\" \/>\n<meta name=\"twitter:label1\" content=\"Gesch\u00e4tzte Lesezeit\" \/>\n\t<meta name=\"twitter:data1\" content=\"2\u00a0Minuten\" \/>\n<script type=\"application\/ld+json\" class=\"yoast-schema-graph\">{\"@context\":\"https:\\\/\\\/schema.org\",\"@graph\":[{\"@type\":\"WebPage\",\"@id\":\"https:\\\/\\\/friedrichskoogfewo.de\\\/nordsee\\\/garten-ausflugsziele\\\/\",\"url\":\"https:\\\/\\\/friedrichskoogfewo.de\\\/nordsee\\\/garten-ausflugsziele\\\/\",\"name\":\"Familienfreundliche Ferienwohnungen in Friedrichskoog mit Garten - Ferienwohnungen am Wattenmeer\",\"isPartOf\":{\"@id\":\"https:\\\/\\\/friedrichskoogfewo.de\\\/nordsee\\\/#website\"},\"primaryImageOfPage\":{\"@id\":\"https:\\\/\\\/friedrichskoogfewo.de\\\/nordsee\\\/garten-ausflugsziele\\\/#primaryimage\"},\"image\":{\"@id\":\"https:\\\/\\\/friedrichskoogfewo.de\\\/nordsee\\\/garten-ausflugsziele\\\/#primaryimage\"},\"thumbnailUrl\":\"https:\\\/\\\/friedrichskoogfewo.de\\\/nordsee\\\/wp-content\\\/uploads\\\/2025\\\/06\\\/IMG_3350.jpg\",\"datePublished\":\"2025-07-16T13:22:47+00:00\",\"dateModified\":\"2026-02-09T13:14:33+00:00\",\"description\":\"Die familienfreundliche Ferienwohnungen bieten einen gro\u00dfen Garten mit Spielger\u00e4ten und Ausflugsm\u00f6glichkeiten f\u00fcr Gro\u00df & Klein.\",\"breadcrumb\":{\"@id\":\"https:\\\/\\\/friedrichskoogfewo.de\\\/nordsee\\\/garten-ausflugsziele\\\/#breadcrumb\"},\"inLanguage\":\"de\",\"potentialAction\":[{\"@type\":\"ReadAction\",\"target\":[\"https:\\\/\\\/friedrichskoogfewo.de\\\/nordsee\\\/garten-ausflugsziele\\\/\"]}]},{\"@type\":\"ImageObject\",\"inLanguage\":\"de\",\"@id\":\"https:\\\/\\\/friedrichskoogfewo.de\\\/nordsee\\\/garten-ausflugsziele\\\/#primaryimage\",\"url\":\"https:\\\/\\\/friedrichskoogfewo.de\\\/nordsee\\\/wp-content\\\/uploads\\\/2025\\\/06\\\/IMG_3350.jpg\",\"contentUrl\":\"https:\\\/\\\/friedrichskoogfewo.de\\\/nordsee\\\/wp-content\\\/uploads\\\/2025\\\/06\\\/IMG_3350.jpg\",\"width\":1200,\"height\":900,\"caption\":\"Familienfreundliche Ferienwohnungen, gro\u00dfer Garten\"},{\"@type\":\"BreadcrumbList\",\"@id\":\"https:\\\/\\\/friedrichskoogfewo.de\\\/nordsee\\\/garten-ausflugsziele\\\/#breadcrumb\",\"itemListElement\":[{\"@type\":\"ListItem\",\"position\":1,\"name\":\"Start\",\"item\":\"https:\\\/\\\/friedrichskoogfewo.de\\\/nordsee\\\/\"},{\"@type\":\"ListItem\",\"position\":2,\"name\":\"Familienfreundliche Ferienwohnungen in Friedrichskoog mit Garten\"}]},{\"@type\":\"WebSite\",\"@id\":\"https:\\\/\\\/friedrichskoogfewo.de\\\/nordsee\\\/#website\",\"url\":\"https:\\\/\\\/friedrichskoogfewo.de\\\/nordsee\\\/\",\"name\":\"Ferienwohnungen am Wattenmeer-Ferien an der Nordsee-Auch mit Hund\",\"description\":\"Urlaub an der Nordsee \u2013 auch mit Hund\",\"publisher\":{\"@id\":\"https:\\\/\\\/friedrichskoogfewo.de\\\/nordsee\\\/#organization\"},\"potentialAction\":[{\"@type\":\"SearchAction\",\"target\":{\"@type\":\"EntryPoint\",\"urlTemplate\":\"https:\\\/\\\/friedrichskoogfewo.de\\\/nordsee\\\/?s={search_term_string}\"},\"query-input\":{\"@type\":\"PropertyValueSpecification\",\"valueRequired\":true,\"valueName\":\"search_term_string\"}}],\"inLanguage\":\"de\"},{\"@type\":\"Organization\",\"@id\":\"https:\\\/\\\/friedrichskoogfewo.de\\\/nordsee\\\/#organization\",\"name\":\"Ferienwohnungen am Wattenmeer\",\"url\":\"https:\\\/\\\/friedrichskoogfewo.de\\\/nordsee\\\/\",\"logo\":{\"@type\":\"ImageObject\",\"inLanguage\":\"de\",\"@id\":\"https:\\\/\\\/friedrichskoogfewo.de\\\/nordsee\\\/#\\\/schema\\\/logo\\\/image\\\/\",\"url\":\"https:\\\/\\\/friedrichskoogfewo.de\\\/nordsee\\\/wp-content\\\/uploads\\\/2025\\\/07\\\/Logo-Ferienwohnungen-am-Wattenmeer.png\",\"contentUrl\":\"https:\\\/\\\/friedrichskoogfewo.de\\\/nordsee\\\/wp-content\\\/uploads\\\/2025\\\/07\\\/Logo-Ferienwohnungen-am-Wattenmeer.png\",\"width\":1200,\"height\":800,\"caption\":\"Ferienwohnungen am Wattenmeer\"},\"image\":{\"@id\":\"https:\\\/\\\/friedrichskoogfewo.de\\\/nordsee\\\/#\\\/schema\\\/logo\\\/image\\\/\"}}]}<\/script>\n<!-- \/ Yoast SEO plugin. -->","yoast_head_json":{"title":"Familienfreundliche Ferienwohnungen in Friedrichskoog mit Garten - Ferienwohnungen am Wattenmeer","description":"Die familienfreundliche Ferienwohnungen bieten einen gro\u00dfen Garten mit Spielger\u00e4ten und Ausflugsm\u00f6glichkeiten f\u00fcr Gro\u00df & Klein.","robots":{"index":"index","follow":"follow","max-snippet":"max-snippet:-1","max-image-preview":"max-image-preview:large","max-video-preview":"max-video-preview:-1"},"canonical":"https:\/\/friedrichskoogfewo.de\/nordsee\/garten-ausflugsziele\/","og_locale":"de_DE","og_type":"article","og_title":"Familienfreundliche Ferienwohnungen in Friedrichskoog mit Garten - Ferienwohnungen am Wattenmeer","og_description":"Die familienfreundliche Ferienwohnungen bieten einen gro\u00dfen Garten mit Spielger\u00e4ten und Ausflugsm\u00f6glichkeiten f\u00fcr Gro\u00df & Klein.","og_url":"https:\/\/friedrichskoogfewo.de\/nordsee\/garten-ausflugsziele\/","og_site_name":"Ferienwohnungen am Wattenmeer","article_modified_time":"2026-02-09T13:14:33+00:00","og_image":[{"width":1200,"height":900,"url":"https:\/\/friedrichskoogfewo.de\/nordsee\/wp-content\/uploads\/2025\/06\/IMG_3350.jpg","type":"image\/jpeg"}],"twitter_card":"summary_large_image","twitter_misc":{"Gesch\u00e4tzte Lesezeit":"2\u00a0Minuten"},"schema":{"@context":"https:\/\/schema.org","@graph":[{"@type":"WebPage","@id":"https:\/\/friedrichskoogfewo.de\/nordsee\/garten-ausflugsziele\/","url":"https:\/\/friedrichskoogfewo.de\/nordsee\/garten-ausflugsziele\/","name":"Familienfreundliche Ferienwohnungen in Friedrichskoog mit Garten - Ferienwohnungen am Wattenmeer","isPartOf":{"@id":"https:\/\/friedrichskoogfewo.de\/nordsee\/#website"},"primaryImageOfPage":{"@id":"https:\/\/friedrichskoogfewo.de\/nordsee\/garten-ausflugsziele\/#primaryimage"},"image":{"@id":"https:\/\/friedrichskoogfewo.de\/nordsee\/garten-ausflugsziele\/#primaryimage"},"thumbnailUrl":"https:\/\/friedrichskoogfewo.de\/nordsee\/wp-content\/uploads\/2025\/06\/IMG_3350.jpg","datePublished":"2025-07-16T13:22:47+00:00","dateModified":"2026-02-09T13:14:33+00:00","description":"Die familienfreundliche Ferienwohnungen bieten einen gro\u00dfen Garten mit Spielger\u00e4ten und Ausflugsm\u00f6glichkeiten f\u00fcr Gro\u00df & Klein.","breadcrumb":{"@id":"https:\/\/friedrichskoogfewo.de\/nordsee\/garten-ausflugsziele\/#breadcrumb"},"inLanguage":"de","potentialAction":[{"@type":"ReadAction","target":["https:\/\/friedrichskoogfewo.de\/nordsee\/garten-ausflugsziele\/"]}]},{"@type":"ImageObject","inLanguage":"de","@id":"https:\/\/friedrichskoogfewo.de\/nordsee\/garten-ausflugsziele\/#primaryimage","url":"https:\/\/friedrichskoogfewo.de\/nordsee\/wp-content\/uploads\/2025\/06\/IMG_3350.jpg","contentUrl":"https:\/\/friedrichskoogfewo.de\/nordsee\/wp-content\/uploads\/2025\/06\/IMG_3350.jpg","width":1200,"height":900,"caption":"Familienfreundliche Ferienwohnungen, gro\u00dfer Garten"},{"@type":"BreadcrumbList","@id":"https:\/\/friedrichskoogfewo.de\/nordsee\/garten-ausflugsziele\/#breadcrumb","itemListElement":[{"@type":"ListItem","position":1,"name":"Start","item":"https:\/\/friedrichskoogfewo.de\/nordsee\/"},{"@type":"ListItem","position":2,"name":"Familienfreundliche Ferienwohnungen in Friedrichskoog mit Garten"}]},{"@type":"WebSite","@id":"https:\/\/friedrichskoogfewo.de\/nordsee\/#website","url":"https:\/\/friedrichskoogfewo.de\/nordsee\/","name":"Ferienwohnungen am Wattenmeer-Ferien an der Nordsee-Auch mit Hund","description":"Urlaub an der Nordsee \u2013 auch mit Hund","publisher":{"@id":"https:\/\/friedrichskoogfewo.de\/nordsee\/#organization"},"potentialAction":[{"@type":"SearchAction","target":{"@type":"EntryPoint","urlTemplate":"https:\/\/friedrichskoogfewo.de\/nordsee\/?s={search_term_string}"},"query-input":{"@type":"PropertyValueSpecification","valueRequired":true,"valueName":"search_term_string"}}],"inLanguage":"de"},{"@type":"Organization","@id":"https:\/\/friedrichskoogfewo.de\/nordsee\/#organization","name":"Ferienwohnungen am Wattenmeer","url":"https:\/\/friedrichskoogfewo.de\/nordsee\/","logo":{"@type":"ImageObject","inLanguage":"de","@id":"https:\/\/friedrichskoogfewo.de\/nordsee\/#\/schema\/logo\/image\/","url":"https:\/\/friedrichskoogfewo.de\/nordsee\/wp-content\/uploads\/2025\/07\/Logo-Ferienwohnungen-am-Wattenmeer.png","contentUrl":"https:\/\/friedrichskoogfewo.de\/nordsee\/wp-content\/uploads\/2025\/07\/Logo-Ferienwohnungen-am-Wattenmeer.png","width":1200,"height":800,"caption":"Ferienwohnungen am Wattenmeer"},"image":{"@id":"https:\/\/friedrichskoogfewo.de\/nordsee\/#\/schema\/logo\/image\/"}}]}},"uagb_featured_image_src":{"full":["https:\/\/friedrichskoogfewo.de\/nordsee\/wp-content\/uploads\/2025\/06\/IMG_3350.jpg",1200,900,false],"thumbnail":["https:\/\/friedrichskoogfewo.de\/nordsee\/wp-content\/uploads\/2025\/06\/IMG_3350-150x150.jpg",150,150,true],"medium":["https:\/\/friedrichskoogfewo.de\/nordsee\/wp-content\/uploads\/2025\/06\/IMG_3350-300x225.jpg",300,225,true],"medium_large":["https:\/\/friedrichskoogfewo.de\/nordsee\/wp-content\/uploads\/2025\/06\/IMG_3350-768x576.jpg",768,576,true],"large":["https:\/\/friedrichskoogfewo.de\/nordsee\/wp-content\/uploads\/2025\/06\/IMG_3350-1024x768.jpg",1024,768,true],"1536x1536":["https:\/\/friedrichskoogfewo.de\/nordsee\/wp-content\/uploads\/2025\/06\/IMG_3350.jpg",1200,900,false],"2048x2048":["https:\/\/friedrichskoogfewo.de\/nordsee\/wp-content\/uploads\/2025\/06\/IMG_3350.jpg",1200,900,false]},"uagb_author_info":{"display_name":"Marcus","author_link":"https:\/\/friedrichskoogfewo.de\/nordsee\/author\/marcus\/"},"uagb_comment_info":0,"uagb_excerpt":"Familienfreundliche Ferienwohnungen in Friedrichskoog Gro\u00dfer Garten mit Spielger\u00e4ten Unsere familienfreundlichen Ferienwohnungen in Friedrichskoog bieten Ihnen einen gro\u00dfz\u00fcgigen Garten mit zahlreichen Spielger\u00e4ten, auf dem Kinder nach Herzenslust spielen, klettern und toben k\u00f6nnen. W\u00e4hrend die Kleinen besch\u00e4ftigt sind, k\u00f6nnen Eltern im Gr\u00fcnen entspannen oder gemeinsam Zeit mit der Familie verbringen. Der Garten ist ideal f\u00fcr gemeinsame Aktivit\u00e4ten&hellip;","_links":{"self":[{"href":"https:\/\/friedrichskoogfewo.de\/nordsee\/wp-json\/wp\/v2\/pages\/1105","targetHints":{"allow":["GET"]}}],"collection":[{"href":"https:\/\/friedrichskoogfewo.de\/nordsee\/wp-json\/wp\/v2\/pages"}],"about":[{"href":"https:\/\/friedrichskoogfewo.de\/nordsee\/wp-json\/wp\/v2\/types\/page"}],"author":[{"embeddable":true,"href":"https:\/\/friedrichskoogfewo.de\/nordsee\/wp-json\/wp\/v2\/users\/1"}],"replies":[{"embeddable":true,"href":"https:\/\/friedrichskoogfewo.de\/nordsee\/wp-json\/wp\/v2\/comments?post=1105"}],"version-history":[{"count":22,"href":"https:\/\/friedrichskoogfewo.de\/nordsee\/wp-json\/wp\/v2\/pages\/1105\/revisions"}],"predecessor-version":[{"id":1449,"href":"https:\/\/friedrichskoogfewo.de\/nordsee\/wp-json\/wp\/v2\/pages\/1105\/revisions\/1449"}],"wp:featuredmedia":[{"embeddable":true,"href":"https:\/\/friedrichskoogfewo.de\/nordsee\/wp-json\/wp\/v2\/media\/843"}],"wp:attachment":[{"href":"https:\/\/friedrichskoogfewo.de\/nordsee\/wp-json\/wp\/v2\/media?parent=1105"}],"curies":[{"name":"wp","href":"https:\/\/api.w.org\/{rel}","templated":true}]}}