{"id":1145,"date":"2025-07-16T21:53:46","date_gmt":"2025-07-16T19:53:46","guid":{"rendered":"https:\/\/friedrichskoogfewo.de\/nordsee\/?page_id=1145"},"modified":"2026-02-08T21:41:50","modified_gmt":"2026-02-08T20:41:50","slug":"essen-und-trinken","status":"publish","type":"page","link":"https:\/\/friedrichskoogfewo.de\/nordsee\/essen-und-trinken\/","title":{"rendered":"Essen und Trinken in Friedrichskoog \u2013 Restaurants, Caf\u00e9s &#038; Tipps"},"content":{"rendered":"\n<div class=\"wp-block-uagb-container uagb-block-20a52c19 alignfull uagb-is-root-container\"><div class=\"uagb-container-inner-blocks-wrap\"><\/div><\/div>\n\n\n\n<section class=\"essen-trinken-friedrichskoog\" style=\"text-align: center;\">\n  <h2>Essen und Trinken in Friedrichskoog<\/h2>\n  <h3 style=\"font-weight: normal; margin-top: 5px;\">Alles in Reichweite<\/h3>\n  <p>Friedrichskoog bietet zahlreiche M\u00f6glichkeiten f\u00fcr jeden, der gutes <strong>Essen und Trinken<\/strong> genie\u00dfen m\u00f6chte \u2013 egal, ob Sie zu Fu\u00df unterwegs sind oder das Fahrrad bzw. Auto nutzen. Direkt in der Umgebung Ihres Aufenthalts befinden sich gem\u00fctliche Restaurants, Caf\u00e9s und Einkaufsm\u00f6glichkeiten, die frische, regionale Produkte anbieten und kulinarische Vielfalt garantieren.<\/p>\n<\/section>\n\n\n\n\n<div class=\"wp-block-uagb-container uagb-block-383c48a9 alignfull uagb-is-root-container\"><div class=\"uagb-container-inner-blocks-wrap\">\n<p class=\"has-text-align-center has-extra-large-font-size\"><strong>Fu\u00dfl\u00e4ufig zu erreichen<\/strong><\/p>\n<\/div><\/div>\n\n\n\n<div class=\"wp-block-uagb-container uagb-block-646db11b alignfull uagb-is-root-container\"><div class=\"uagb-container-inner-blocks-wrap\">\n<div class=\"wp-block-uagb-container uagb-block-b06b8a18\">\n<p class=\"has-text-align-center\"><strong>Restaurant vor Anker&nbsp;<\/strong><br>550 Meter entfernt<\/p>\n<a class=\"spectra-container-link-overlay\" rel=\"noopener\" target=\"_blank\" href=\"https:\/\/restaurant-vor-anker.eatbu.com\/?lang=de\"> <\/a><\/div>\n\n\n\n<div class=\"wp-block-uagb-container uagb-block-380430a9\">\n<p class=\"has-text-align-center\"><strong>Krabbenst\u00fcbchen<\/strong><br>Gastst\u00e4tte Bistro<br>Frisch vom Kutter<br>850 Meter entfernt<strong> <\/strong><\/p>\n<a class=\"spectra-container-link-overlay\" rel=\"noopener\" target=\"_blank\" href=\"https:\/\/krabbenstuebchen.de\/\"> <\/a><\/div>\n\n\n\n<div class=\"wp-block-uagb-container uagb-block-50060f16\">\n<p class=\"has-text-align-center\"><strong>B\u00e4ckerei Balzer<\/strong><br>450 Meter entfernt<\/p>\n<a class=\"spectra-container-link-overlay\" rel=\"noopener\" target=\"_blank\" href=\"https:\/\/baeckerei-balzer.de\/filialen\/friedrichskoog-schleusenweg\/\"> <\/a><\/div>\n\n\n\n<div class=\"wp-block-uagb-container uagb-block-c53e15cc\">\n<p class=\"has-text-align-center\"><strong>Landschlachterei Mewes<\/strong><br><strong>&nbsp;<\/strong>600 Meter entfernt<\/p>\n<a class=\"spectra-container-link-overlay\" rel=\"noopener\" target=\"_blank\" href=\"https:\/\/www.facebook.com\/p\/Landschlachterei-Mewes-100023594515153\/?locale=de_DE\"> <\/a><\/div>\n\n\n\n<div class=\"wp-block-uagb-container uagb-block-5952b7a9\">\n<p class=\"has-text-align-center\"><strong>EDEKA Petersen<\/strong><br>600 Meter entfernt<\/p>\n<a class=\"spectra-container-link-overlay\" rel=\"noopener\" target=\"_blank\" href=\"https:\/\/www.edeka.de\/eh\/nord\/e-aktiv-markt-arne-petersen-hafenstr.-124\/index.jsp\"> <\/a><\/div>\n\n\n\n<div class=\"wp-block-uagb-container uagb-block-de8b6004\">\n<p class=\"has-text-align-center\"><br><\/p>\n<a class=\"spectra-container-link-overlay\" rel=\"noopener\" target=\"_blank\" href=\"https:\/\/www.edeka.de\/eh\/nord\/e-aktiv-markt-arne-petersen-hafenstr.-124\/index.jsp\"> <\/a><\/div>\n\n\n\n<div class=\"wp-block-uagb-container uagb-block-550f9496\"><\/div>\n<\/div><\/div>\n\n\n\n<div class=\"wp-block-uagb-container uagb-block-dfc1df1c alignfull uagb-is-root-container\"><div class=\"uagb-container-inner-blocks-wrap\">\n<p class=\"has-text-align-center has-extra-large-font-size\"><strong>Mit dem Fahrrad oder Auto<\/strong><\/p>\n<\/div><\/div>\n\n\n\n<div class=\"wp-block-uagb-container uagb-block-33926dca alignfull uagb-is-root-container\"><div class=\"uagb-container-inner-blocks-wrap\">\n<div class=\"wp-block-uagb-container uagb-block-96e6c660\">\n<p class=\"has-text-align-center\"><strong>REWE<\/strong><\/p>\n<a class=\"spectra-container-link-overlay\" rel=\"noopener\" target=\"_blank\" href=\"https:\/\/www.rewe.de\/marktseite\/friedrichskoog\/830892\/rewe-markt-koogstr-67\/\"> <\/a><\/div>\n\n\n\n<div class=\"wp-block-uagb-container uagb-block-9808dc7a\">\n<p class=\"has-text-align-center\"><strong>Restaurant Deichb\u00e4r<\/strong><\/p>\n<a class=\"spectra-container-link-overlay\" rel=\"noopener\" target=\"_blank\" href=\"http:\/\/www.deichbaer.de\/\"> <\/a><\/div>\n\n\n\n<div class=\"wp-block-uagb-container uagb-block-560a8c28\">\n<p class=\"has-text-align-center\"><strong>Deich Restaurant und Caf\u00e9<\/strong><br><strong>&#8222;Zur Spitze&#8220;<\/strong><\/p>\n<a class=\"spectra-container-link-overlay\" rel=\"noopener\" target=\"_blank\" href=\"http:\/\/deichrestaurant-zurspitze.de\/\"> <\/a><\/div>\n\n\n\n<div class=\"wp-block-uagb-container uagb-block-425d6f8f\">\n<p class=\"has-text-align-center\"><strong>Meyer&#8217;s Eisbutze<\/strong><\/p>\n<a class=\"spectra-container-link-overlay\" rel=\"noopener\" target=\"_blank\" href=\"http:\/\/www.eisbutze.de\/\"> <\/a><\/div>\n\n\n\n<div class=\"wp-block-uagb-container uagb-block-5d2a5a9c\">\n<p class=\"has-text-align-center\"><strong>Seaside 26<\/strong><br>Restaurant<\/p>\n<a class=\"spectra-container-link-overlay\" rel=\"noopener\" target=\"_blank\" href=\"https:\/\/www.seaside26.de\/\"> <\/a><\/div>\n\n\n\n<div class=\"wp-block-uagb-container uagb-block-89ba341b\">\n<p><\/p>\n<\/div>\n<\/div><\/div>\n\n\n\n<div class=\"wp-block-uagb-container uagb-block-47c3e5c4 alignfull uagb-is-root-container\"><div class=\"uagb-container-inner-blocks-wrap\">\n<div class=\"wp-block-uagb-container uagb-block-80ca9060\">\n<p class=\"has-text-align-center\"><\/p>\n<\/div>\n\n\n\n<div class=\"wp-block-uagb-container uagb-block-155cb32e\">\n<p class=\"has-text-align-center\"><\/p>\n<\/div>\n\n\n\n<div class=\"wp-block-uagb-container uagb-block-65b7bd44\">\n<p class=\"has-text-align-center\"><\/p>\n<\/div>\n<\/div><\/div>\n\n\n\n<div class=\"wp-block-uagb-buttons uagb-buttons__outer-wrap uagb-btn__default-btn uagb-btn-tablet__default-btn uagb-btn-mobile__default-btn uagb-block-a7b91a77\"><div class=\"uagb-buttons__wrap uagb-buttons-layout-wrap \">\n<div class=\"wp-block-uagb-buttons-child uagb-buttons__outer-wrap uagb-block-f7ae6360 wp-block-button\"><div class=\"uagb-button__wrapper\"><a class=\"uagb-buttons-repeater wp-block-button__link\" aria-label=\"\" href=\"javascript:history.back()\" rel=\"follow noopener\" target=\"_self\" role=\"button\"><div class=\"uagb-button__link\">Zur\u00fcck<\/div><\/a><\/div><\/div>\n<\/div><\/div>\n\n\n\n<div class=\"wp-block-uagb-container custom-footer uagb-block-8975afc3 alignfull uagb-is-root-container\"><div class=\"uagb-container-inner-blocks-wrap\">\n<div class=\"footer-links\">\n  <a href=\"\/impressum\">Kontakt \/ Impressum<\/a> |\n  <a href=\"\/agb\">AGB<\/a> |\n  <a href=\"mailto:info@friedrichskoogfewo.de\">info@friedrichskoogfewo.de<\/a><br>\n<\/div>\n<div class=\"footer-copy\">\n  \u00a9 2025 Ferienwohnungen am Wattenmeer\n<\/div>\n<\/div><\/div>\n\n\n\n<p><\/p>\n","protected":false},"excerpt":{"rendered":"<p>Essen und Trinken in Friedrichskoog Alles in Reichweite Friedrichskoog bietet zahlreiche M\u00f6glichkeiten f\u00fcr jeden, der gutes Essen und Trinken genie\u00dfen m\u00f6chte \u2013 egal, ob Sie zu Fu\u00df unterwegs sind oder das Fahrrad bzw. Auto nutzen. Direkt in der Umgebung Ihres Aufenthalts befinden sich gem\u00fctliche Restaurants, Caf\u00e9s und Einkaufsm\u00f6glichkeiten, die frische, regionale Produkte anbieten und kulinarische [&hellip;]<\/p>\n","protected":false},"author":1,"featured_media":1146,"parent":0,"menu_order":0,"comment_status":"closed","ping_status":"closed","template":"blank","meta":{"_uag_custom_page_level_css":"","footnotes":""},"class_list":["post-1145","page","type-page","status-publish","has-post-thumbnail","hentry"],"yoast_head":"<!-- This site is optimized with the Yoast SEO plugin v27.4 - https:\/\/yoast.com\/product\/yoast-seo-wordpress\/ -->\n<title>Essen und Trinken in Friedrichskoog \u2013 Restaurants, Caf\u00e9s &amp; Tipps - Ferienwohnungen am Wattenmeer<\/title>\n<meta name=\"description\" content=\"Entdecken Sie Restaurants und Spezialit\u00e4ten in Friedrichskoog. Tipps f\u00fcr gutes Essen und Trinken in Friedrichskoog w\u00e4hrend Ihres Urlaubs.\" \/>\n<meta name=\"robots\" content=\"index, follow, max-snippet:-1, max-image-preview:large, max-video-preview:-1\" \/>\n<link rel=\"canonical\" href=\"https:\/\/friedrichskoogfewo.de\/nordsee\/essen-und-trinken\/\" \/>\n<meta property=\"og:locale\" content=\"de_DE\" \/>\n<meta property=\"og:type\" content=\"article\" \/>\n<meta property=\"og:title\" content=\"Essen und Trinken in Friedrichskoog \u2013 Restaurants, Caf\u00e9s &amp; Tipps - Ferienwohnungen am Wattenmeer\" \/>\n<meta property=\"og:description\" content=\"Entdecken Sie Restaurants und Spezialit\u00e4ten in Friedrichskoog. Tipps f\u00fcr gutes Essen und Trinken in Friedrichskoog w\u00e4hrend Ihres Urlaubs.\" \/>\n<meta property=\"og:url\" content=\"https:\/\/friedrichskoogfewo.de\/nordsee\/essen-und-trinken\/\" \/>\n<meta property=\"og:site_name\" content=\"Ferienwohnungen am Wattenmeer\" \/>\n<meta property=\"article:modified_time\" content=\"2026-02-08T20:41:50+00:00\" \/>\n<meta property=\"og:image\" content=\"https:\/\/friedrichskoogfewo.de\/nordsee\/wp-content\/uploads\/2025\/07\/European-plaice-with-shrimps-and-ham-min.jpg\" \/>\n\t<meta property=\"og:image:width\" content=\"1200\" \/>\n\t<meta property=\"og:image:height\" content=\"800\" \/>\n\t<meta property=\"og:image:type\" content=\"image\/jpeg\" \/>\n<meta name=\"twitter:card\" content=\"summary_large_image\" \/>\n<meta name=\"twitter:label1\" content=\"Gesch\u00e4tzte Lesezeit\" \/>\n\t<meta name=\"twitter:data1\" content=\"1\u00a0Minute\" \/>\n<script type=\"application\/ld+json\" class=\"yoast-schema-graph\">{\"@context\":\"https:\\\/\\\/schema.org\",\"@graph\":[{\"@type\":\"WebPage\",\"@id\":\"https:\\\/\\\/friedrichskoogfewo.de\\\/nordsee\\\/essen-und-trinken\\\/\",\"url\":\"https:\\\/\\\/friedrichskoogfewo.de\\\/nordsee\\\/essen-und-trinken\\\/\",\"name\":\"Essen und Trinken in Friedrichskoog \u2013 Restaurants, Caf\u00e9s & Tipps - Ferienwohnungen am Wattenmeer\",\"isPartOf\":{\"@id\":\"https:\\\/\\\/friedrichskoogfewo.de\\\/nordsee\\\/#website\"},\"primaryImageOfPage\":{\"@id\":\"https:\\\/\\\/friedrichskoogfewo.de\\\/nordsee\\\/essen-und-trinken\\\/#primaryimage\"},\"image\":{\"@id\":\"https:\\\/\\\/friedrichskoogfewo.de\\\/nordsee\\\/essen-und-trinken\\\/#primaryimage\"},\"thumbnailUrl\":\"https:\\\/\\\/friedrichskoogfewo.de\\\/nordsee\\\/wp-content\\\/uploads\\\/2025\\\/07\\\/European-plaice-with-shrimps-and-ham-min.jpg\",\"datePublished\":\"2025-07-16T19:53:46+00:00\",\"dateModified\":\"2026-02-08T20:41:50+00:00\",\"description\":\"Entdecken Sie Restaurants und Spezialit\u00e4ten in Friedrichskoog. Tipps f\u00fcr gutes Essen und Trinken in Friedrichskoog w\u00e4hrend Ihres Urlaubs.\",\"breadcrumb\":{\"@id\":\"https:\\\/\\\/friedrichskoogfewo.de\\\/nordsee\\\/essen-und-trinken\\\/#breadcrumb\"},\"inLanguage\":\"de\",\"potentialAction\":[{\"@type\":\"ReadAction\",\"target\":[\"https:\\\/\\\/friedrichskoogfewo.de\\\/nordsee\\\/essen-und-trinken\\\/\"]}]},{\"@type\":\"ImageObject\",\"inLanguage\":\"de\",\"@id\":\"https:\\\/\\\/friedrichskoogfewo.de\\\/nordsee\\\/essen-und-trinken\\\/#primaryimage\",\"url\":\"https:\\\/\\\/friedrichskoogfewo.de\\\/nordsee\\\/wp-content\\\/uploads\\\/2025\\\/07\\\/European-plaice-with-shrimps-and-ham-min.jpg\",\"contentUrl\":\"https:\\\/\\\/friedrichskoogfewo.de\\\/nordsee\\\/wp-content\\\/uploads\\\/2025\\\/07\\\/European-plaice-with-shrimps-and-ham-min.jpg\",\"width\":1200,\"height\":800,\"caption\":\"Essen und Trinken in Friedrichskoog, Scholle mit Krabben\"},{\"@type\":\"BreadcrumbList\",\"@id\":\"https:\\\/\\\/friedrichskoogfewo.de\\\/nordsee\\\/essen-und-trinken\\\/#breadcrumb\",\"itemListElement\":[{\"@type\":\"ListItem\",\"position\":1,\"name\":\"Start\",\"item\":\"https:\\\/\\\/friedrichskoogfewo.de\\\/nordsee\\\/\"},{\"@type\":\"ListItem\",\"position\":2,\"name\":\"Essen und Trinken in Friedrichskoog \u2013 Restaurants, Caf\u00e9s &#038; Tipps\"}]},{\"@type\":\"WebSite\",\"@id\":\"https:\\\/\\\/friedrichskoogfewo.de\\\/nordsee\\\/#website\",\"url\":\"https:\\\/\\\/friedrichskoogfewo.de\\\/nordsee\\\/\",\"name\":\"Ferienwohnungen am Wattenmeer-Ferien an der Nordsee-Auch mit Hund\",\"description\":\"Urlaub an der Nordsee \u2013 auch mit Hund\",\"publisher\":{\"@id\":\"https:\\\/\\\/friedrichskoogfewo.de\\\/nordsee\\\/#organization\"},\"potentialAction\":[{\"@type\":\"SearchAction\",\"target\":{\"@type\":\"EntryPoint\",\"urlTemplate\":\"https:\\\/\\\/friedrichskoogfewo.de\\\/nordsee\\\/?s={search_term_string}\"},\"query-input\":{\"@type\":\"PropertyValueSpecification\",\"valueRequired\":true,\"valueName\":\"search_term_string\"}}],\"inLanguage\":\"de\"},{\"@type\":\"Organization\",\"@id\":\"https:\\\/\\\/friedrichskoogfewo.de\\\/nordsee\\\/#organization\",\"name\":\"Ferienwohnungen am Wattenmeer\",\"url\":\"https:\\\/\\\/friedrichskoogfewo.de\\\/nordsee\\\/\",\"logo\":{\"@type\":\"ImageObject\",\"inLanguage\":\"de\",\"@id\":\"https:\\\/\\\/friedrichskoogfewo.de\\\/nordsee\\\/#\\\/schema\\\/logo\\\/image\\\/\",\"url\":\"https:\\\/\\\/friedrichskoogfewo.de\\\/nordsee\\\/wp-content\\\/uploads\\\/2025\\\/07\\\/Logo-Ferienwohnungen-am-Wattenmeer.png\",\"contentUrl\":\"https:\\\/\\\/friedrichskoogfewo.de\\\/nordsee\\\/wp-content\\\/uploads\\\/2025\\\/07\\\/Logo-Ferienwohnungen-am-Wattenmeer.png\",\"width\":1200,\"height\":800,\"caption\":\"Ferienwohnungen am Wattenmeer\"},\"image\":{\"@id\":\"https:\\\/\\\/friedrichskoogfewo.de\\\/nordsee\\\/#\\\/schema\\\/logo\\\/image\\\/\"}}]}<\/script>\n<!-- \/ Yoast SEO plugin. -->","yoast_head_json":{"title":"Essen und Trinken in Friedrichskoog \u2013 Restaurants, Caf\u00e9s & Tipps - Ferienwohnungen am Wattenmeer","description":"Entdecken Sie Restaurants und Spezialit\u00e4ten in Friedrichskoog. Tipps f\u00fcr gutes Essen und Trinken in Friedrichskoog w\u00e4hrend Ihres Urlaubs.","robots":{"index":"index","follow":"follow","max-snippet":"max-snippet:-1","max-image-preview":"max-image-preview:large","max-video-preview":"max-video-preview:-1"},"canonical":"https:\/\/friedrichskoogfewo.de\/nordsee\/essen-und-trinken\/","og_locale":"de_DE","og_type":"article","og_title":"Essen und Trinken in Friedrichskoog \u2013 Restaurants, Caf\u00e9s & Tipps - Ferienwohnungen am Wattenmeer","og_description":"Entdecken Sie Restaurants und Spezialit\u00e4ten in Friedrichskoog. Tipps f\u00fcr gutes Essen und Trinken in Friedrichskoog w\u00e4hrend Ihres Urlaubs.","og_url":"https:\/\/friedrichskoogfewo.de\/nordsee\/essen-und-trinken\/","og_site_name":"Ferienwohnungen am Wattenmeer","article_modified_time":"2026-02-08T20:41:50+00:00","og_image":[{"width":1200,"height":800,"url":"https:\/\/friedrichskoogfewo.de\/nordsee\/wp-content\/uploads\/2025\/07\/European-plaice-with-shrimps-and-ham-min.jpg","type":"image\/jpeg"}],"twitter_card":"summary_large_image","twitter_misc":{"Gesch\u00e4tzte Lesezeit":"1\u00a0Minute"},"schema":{"@context":"https:\/\/schema.org","@graph":[{"@type":"WebPage","@id":"https:\/\/friedrichskoogfewo.de\/nordsee\/essen-und-trinken\/","url":"https:\/\/friedrichskoogfewo.de\/nordsee\/essen-und-trinken\/","name":"Essen und Trinken in Friedrichskoog \u2013 Restaurants, Caf\u00e9s & Tipps - Ferienwohnungen am Wattenmeer","isPartOf":{"@id":"https:\/\/friedrichskoogfewo.de\/nordsee\/#website"},"primaryImageOfPage":{"@id":"https:\/\/friedrichskoogfewo.de\/nordsee\/essen-und-trinken\/#primaryimage"},"image":{"@id":"https:\/\/friedrichskoogfewo.de\/nordsee\/essen-und-trinken\/#primaryimage"},"thumbnailUrl":"https:\/\/friedrichskoogfewo.de\/nordsee\/wp-content\/uploads\/2025\/07\/European-plaice-with-shrimps-and-ham-min.jpg","datePublished":"2025-07-16T19:53:46+00:00","dateModified":"2026-02-08T20:41:50+00:00","description":"Entdecken Sie Restaurants und Spezialit\u00e4ten in Friedrichskoog. Tipps f\u00fcr gutes Essen und Trinken in Friedrichskoog w\u00e4hrend Ihres Urlaubs.","breadcrumb":{"@id":"https:\/\/friedrichskoogfewo.de\/nordsee\/essen-und-trinken\/#breadcrumb"},"inLanguage":"de","potentialAction":[{"@type":"ReadAction","target":["https:\/\/friedrichskoogfewo.de\/nordsee\/essen-und-trinken\/"]}]},{"@type":"ImageObject","inLanguage":"de","@id":"https:\/\/friedrichskoogfewo.de\/nordsee\/essen-und-trinken\/#primaryimage","url":"https:\/\/friedrichskoogfewo.de\/nordsee\/wp-content\/uploads\/2025\/07\/European-plaice-with-shrimps-and-ham-min.jpg","contentUrl":"https:\/\/friedrichskoogfewo.de\/nordsee\/wp-content\/uploads\/2025\/07\/European-plaice-with-shrimps-and-ham-min.jpg","width":1200,"height":800,"caption":"Essen und Trinken in Friedrichskoog, Scholle mit Krabben"},{"@type":"BreadcrumbList","@id":"https:\/\/friedrichskoogfewo.de\/nordsee\/essen-und-trinken\/#breadcrumb","itemListElement":[{"@type":"ListItem","position":1,"name":"Start","item":"https:\/\/friedrichskoogfewo.de\/nordsee\/"},{"@type":"ListItem","position":2,"name":"Essen und Trinken in Friedrichskoog \u2013 Restaurants, Caf\u00e9s &#038; Tipps"}]},{"@type":"WebSite","@id":"https:\/\/friedrichskoogfewo.de\/nordsee\/#website","url":"https:\/\/friedrichskoogfewo.de\/nordsee\/","name":"Ferienwohnungen am Wattenmeer-Ferien an der Nordsee-Auch mit Hund","description":"Urlaub an der Nordsee \u2013 auch mit Hund","publisher":{"@id":"https:\/\/friedrichskoogfewo.de\/nordsee\/#organization"},"potentialAction":[{"@type":"SearchAction","target":{"@type":"EntryPoint","urlTemplate":"https:\/\/friedrichskoogfewo.de\/nordsee\/?s={search_term_string}"},"query-input":{"@type":"PropertyValueSpecification","valueRequired":true,"valueName":"search_term_string"}}],"inLanguage":"de"},{"@type":"Organization","@id":"https:\/\/friedrichskoogfewo.de\/nordsee\/#organization","name":"Ferienwohnungen am Wattenmeer","url":"https:\/\/friedrichskoogfewo.de\/nordsee\/","logo":{"@type":"ImageObject","inLanguage":"de","@id":"https:\/\/friedrichskoogfewo.de\/nordsee\/#\/schema\/logo\/image\/","url":"https:\/\/friedrichskoogfewo.de\/nordsee\/wp-content\/uploads\/2025\/07\/Logo-Ferienwohnungen-am-Wattenmeer.png","contentUrl":"https:\/\/friedrichskoogfewo.de\/nordsee\/wp-content\/uploads\/2025\/07\/Logo-Ferienwohnungen-am-Wattenmeer.png","width":1200,"height":800,"caption":"Ferienwohnungen am Wattenmeer"},"image":{"@id":"https:\/\/friedrichskoogfewo.de\/nordsee\/#\/schema\/logo\/image\/"}}]}},"uagb_featured_image_src":{"full":["https:\/\/friedrichskoogfewo.de\/nordsee\/wp-content\/uploads\/2025\/07\/European-plaice-with-shrimps-and-ham-min.jpg",1200,800,false],"thumbnail":["https:\/\/friedrichskoogfewo.de\/nordsee\/wp-content\/uploads\/2025\/07\/European-plaice-with-shrimps-and-ham-min-150x150.jpg",150,150,true],"medium":["https:\/\/friedrichskoogfewo.de\/nordsee\/wp-content\/uploads\/2025\/07\/European-plaice-with-shrimps-and-ham-min-300x200.jpg",300,200,true],"medium_large":["https:\/\/friedrichskoogfewo.de\/nordsee\/wp-content\/uploads\/2025\/07\/European-plaice-with-shrimps-and-ham-min-768x512.jpg",768,512,true],"large":["https:\/\/friedrichskoogfewo.de\/nordsee\/wp-content\/uploads\/2025\/07\/European-plaice-with-shrimps-and-ham-min-1024x683.jpg",1024,683,true],"1536x1536":["https:\/\/friedrichskoogfewo.de\/nordsee\/wp-content\/uploads\/2025\/07\/European-plaice-with-shrimps-and-ham-min.jpg",1200,800,false],"2048x2048":["https:\/\/friedrichskoogfewo.de\/nordsee\/wp-content\/uploads\/2025\/07\/European-plaice-with-shrimps-and-ham-min.jpg",1200,800,false]},"uagb_author_info":{"display_name":"Marcus","author_link":"https:\/\/friedrichskoogfewo.de\/nordsee\/author\/marcus\/"},"uagb_comment_info":0,"uagb_excerpt":"Essen und Trinken in Friedrichskoog Alles in Reichweite Friedrichskoog bietet zahlreiche M\u00f6glichkeiten f\u00fcr jeden, der gutes Essen und Trinken genie\u00dfen m\u00f6chte \u2013 egal, ob Sie zu Fu\u00df unterwegs sind oder das Fahrrad bzw. Auto nutzen. Direkt in der Umgebung Ihres Aufenthalts befinden sich gem\u00fctliche Restaurants, Caf\u00e9s und Einkaufsm\u00f6glichkeiten, die frische, regionale Produkte anbieten und kulinarische&hellip;","_links":{"self":[{"href":"https:\/\/friedrichskoogfewo.de\/nordsee\/wp-json\/wp\/v2\/pages\/1145","targetHints":{"allow":["GET"]}}],"collection":[{"href":"https:\/\/friedrichskoogfewo.de\/nordsee\/wp-json\/wp\/v2\/pages"}],"about":[{"href":"https:\/\/friedrichskoogfewo.de\/nordsee\/wp-json\/wp\/v2\/types\/page"}],"author":[{"embeddable":true,"href":"https:\/\/friedrichskoogfewo.de\/nordsee\/wp-json\/wp\/v2\/users\/1"}],"replies":[{"embeddable":true,"href":"https:\/\/friedrichskoogfewo.de\/nordsee\/wp-json\/wp\/v2\/comments?post=1145"}],"version-history":[{"count":18,"href":"https:\/\/friedrichskoogfewo.de\/nordsee\/wp-json\/wp\/v2\/pages\/1145\/revisions"}],"predecessor-version":[{"id":1400,"href":"https:\/\/friedrichskoogfewo.de\/nordsee\/wp-json\/wp\/v2\/pages\/1145\/revisions\/1400"}],"wp:featuredmedia":[{"embeddable":true,"href":"https:\/\/friedrichskoogfewo.de\/nordsee\/wp-json\/wp\/v2\/media\/1146"}],"wp:attachment":[{"href":"https:\/\/friedrichskoogfewo.de\/nordsee\/wp-json\/wp\/v2\/media?parent=1145"}],"curies":[{"name":"wp","href":"https:\/\/api.w.org\/{rel}","templated":true}]}}