{"id":1247,"date":"2026-01-27T09:32:17","date_gmt":"2026-01-27T08:32:17","guid":{"rendered":"https:\/\/friedrichskoogfewo.de\/nordsee\/?page_id=1247"},"modified":"2026-02-17T08:02:16","modified_gmt":"2026-02-17T07:02:16","slug":"service","status":"publish","type":"page","link":"https:\/\/friedrichskoogfewo.de\/nordsee\/service\/","title":{"rendered":"Service Ferienwohnung Friedrichskoog \u2013 Ansprechpartner vor Ort"},"content":{"rendered":"\n<div class=\"wp-block-uagb-container uagb-block-20a52c19 alignfull uagb-is-root-container\"><div class=\"uagb-container-inner-blocks-wrap\"><\/div><\/div>\n\n\n\n<div style=\"padding: 30px; max-width: 900px; margin: auto; border-top: 1px solid #eee;\">\n\n  <!-- Logo -->\n  <div style=\"text-align: center; margin-bottom: 30px;\">\n    <img decoding=\"async\" \n      src=\"https:\/\/friedrichskoogfewo.de\/nordsee\/wp-content\/uploads\/2026\/01\/image0-1.png\"\n      alt=\"DOKA's Immobilienservice \u2013 Ferienwohnungsverwaltung in Friedrichskoog\"\n      style=\"max-width: 220px; width: 100%; height: auto;\"\n    >\n  <\/div>\n\n  <h2 style=\"margin-bottom: 20px; text-align: center;\">\n    Ihr Ansprechpartner vor Ort \u2013 DOKA&#8217;s Immobilienservice\n  <\/h2>\n\n  <p>\n    Unser Verwalter vor Ort, <strong>DOKA&#8217;s Immobilienservice<\/strong>, bietet Ihnen einen\n    zuverl\u00e4ssigen Service und freut sich darauf,\n    Ihnen einen angenehmen und entspannten Aufenthalt in Ihrer\n    Ferienwohnung in Friedrichskoog zu erm\u00f6glichen.\n  <\/p>\n\n  <h3 style=\"margin-top: 30px;\">\n    Pers\u00f6nliche Betreuung und Service von An- bis Abreise\n  <\/h3>\n\n  <p>\n    Von der Kommunikation zur Buchung \u00fcber die Organisation von An- und Abreise\n    bis hin zur Bereitstellung der <strong>Wohnungsschl\u00fcssel per Schl\u00fcsselsafe<\/strong>\n    sowie der <strong>Kurkarten<\/strong> \u2013 alle Abl\u00e4ufe sind klar, zuverl\u00e4ssig und\n    gastfreundlich organisiert.\n  <\/p>\n\n  <p>\n    Optional buchbare <strong>W\u00e4schepakete<\/strong> sowie eine sorgf\u00e4ltige und\n    zuverl\u00e4ssige Reinigung sorgen daf\u00fcr, dass Sie Ihren Aufenthalt\n    in der Ferienwohnung unbeschwert genie\u00dfen k\u00f6nnen.\n  <\/p>\n\n  <h3 style=\"margin-top: 30px;\">Rundum-Service mit festen Ansprechpartnern<\/h3>\n\n  <p>\n    Das Team von <strong>DOKA&#8217;s Immobilienservice<\/strong>, bestehend aus\n    <strong>Katharina Klein<\/strong> und <strong>Dorina Grad<\/strong>,\n    steht Ihnen w\u00e4hrend Ihres Aufenthalts jederzeit als pers\u00f6nlicher\n    Ansprechpartner zur Verf\u00fcgung und k\u00fcmmert sich engagiert um\n    einen reibungslosen Ablauf.\n  <\/p>\n\n  <h3 style=\"margin-top: 30px;\">Kontakt<\/h3>\n\n  <p>\n    Bei Fragen zur Buchung oder zu Ihrem Aufenthalt erreichen Sie uns gerne:\n  <\/p>\n\n  <ul>\n    <li>\n      <strong>E-Mail:<\/strong>\n      <a href=\"mailto:buchungen@friedrichskoogfewo.de\">\n        buchungen@friedrichskoogfewo.de\n      <\/a>\n    <\/li>\n    <li>\n      <strong>Telefon:<\/strong>\n      <a href=\"tel:+4915569248791\">\n        +49&nbsp;155&nbsp;69248791\n      <\/a>\n    <\/li>\n  <\/ul>\n <!-- FAQ -->\n  <h3 style=\"margin-top: 30px;\">\n    H\u00e4ufige Fragen zum Service\n  <\/h3>\n\n  <h3 style=\"margin-top: 20px;\">\n    Wie funktioniert die Schl\u00fcssel\u00fcbergabe?\n  <\/h3>\n  <p>\n    Die Schl\u00fcssel\u00fcbergabe erfolgt bequem \u00fcber einen <strong>Schl\u00fcsselsafe<\/strong>.\n    So k\u00f6nnen Sie flexibel anreisen und entspannt in Ihren Urlaub starten.\n  <\/p>\n\n  <h3 style=\"margin-top: 20px;\">\n    Sind W\u00e4schepakete f\u00fcr die Ferienwohnung buchbar?\n  <\/h3>\n  <p>\n    Ja, <strong>W\u00e4schepakete<\/strong> k\u00f6nnen optional hinzugebucht werden und bieten\n    zus\u00e4tzlichen Komfort w\u00e4hrend Ihres Aufenthalts.\n  <\/p>\n  <p style=\"margin-top: 40px;\">\n    <em>\n      Verl\u00e4sslicher Service, kurze Wege und pers\u00f6nliche Betreuung \u2013\n      damit Sie sich in Ihrer Ferienwohnung von Anfang an wohlf\u00fchlen.\n    <\/em>\n  <\/p>\n\n<\/div>\n\n\n\n<div class=\"wp-block-uagb-buttons uagb-buttons__outer-wrap uagb-btn__default-btn uagb-btn-tablet__default-btn uagb-btn-mobile__default-btn uagb-block-a7b91a77\"><div class=\"uagb-buttons__wrap uagb-buttons-layout-wrap \">\n<div class=\"wp-block-uagb-buttons-child uagb-buttons__outer-wrap uagb-block-f7ae6360 wp-block-button\"><div class=\"uagb-button__wrapper\"><a class=\"uagb-buttons-repeater wp-block-button__link\" aria-label=\"\" href=\"javascript:history.back()\" rel=\"follow noopener\" target=\"_self\" role=\"button\"><div class=\"uagb-button__link\">Zur\u00fcck<\/div><\/a><\/div><\/div>\n<\/div><\/div>\n\n\n\n<div class=\"wp-block-uagb-container custom-footer uagb-block-8975afc3 alignfull uagb-is-root-container\"><div class=\"uagb-container-inner-blocks-wrap\">\n<div class=\"footer-links\">\n  <a href=\"\/impressum\">Kontakt \/ Impressum<\/a> |\n  <a href=\"\/agb\">AGB<\/a> |\n  <a href=\"mailto:buchungen@friedrichskoogfewo.de\">buchungen@friedrichskoogfewo.de<\/a><br>\n<\/div>\n<div class=\"footer-copy\">\n  \u00a9 2026 Ferienwohnungen am Wattenmeer\n<\/div>\n<\/div><\/div>\n\n\n\n<p><\/p>\n","protected":false},"excerpt":{"rendered":"<p>Ihr Ansprechpartner vor Ort \u2013 DOKA&#8217;s Immobilienservice Unser Verwalter vor Ort, DOKA&#8217;s Immobilienservice, bietet Ihnen einen zuverl\u00e4ssigen Service und freut sich darauf, Ihnen einen angenehmen und entspannten Aufenthalt in Ihrer Ferienwohnung in Friedrichskoog zu erm\u00f6glichen. Pers\u00f6nliche Betreuung und Service von An- bis Abreise Von der Kommunikation zur Buchung \u00fcber die Organisation von An- und Abreise [&hellip;]<\/p>\n","protected":false},"author":1,"featured_media":1293,"parent":0,"menu_order":0,"comment_status":"closed","ping_status":"closed","template":"blank","meta":{"_uag_custom_page_level_css":"","footnotes":""},"class_list":["post-1247","page","type-page","status-publish","has-post-thumbnail","hentry"],"yoast_head":"<!-- This site is optimized with the Yoast SEO plugin v27.4 - https:\/\/yoast.com\/product\/yoast-seo-wordpress\/ -->\n<title>Service Ferienwohnung Friedrichskoog \u2013 Ansprechpartner vor Ort - Ferienwohnungen am Wattenmeer<\/title>\n<meta name=\"description\" content=\"Service Ferienwohnung Friedrichskoog: Pers\u00f6nliche Betreuung, Ansprechpartner vor Ort, Schl\u00fcssel\u00fcbergabe &amp; Reinigung f\u00fcr G\u00e4ste.\" \/>\n<meta name=\"robots\" content=\"index, follow, max-snippet:-1, max-image-preview:large, max-video-preview:-1\" \/>\n<link rel=\"canonical\" href=\"https:\/\/friedrichskoogfewo.de\/nordsee\/service\/\" \/>\n<meta property=\"og:locale\" content=\"de_DE\" \/>\n<meta property=\"og:type\" content=\"article\" \/>\n<meta property=\"og:title\" content=\"Service Ferienwohnung Friedrichskoog \u2013 Ansprechpartner vor Ort - Ferienwohnungen am Wattenmeer\" \/>\n<meta property=\"og:description\" content=\"Service Ferienwohnung Friedrichskoog: Pers\u00f6nliche Betreuung, Ansprechpartner vor Ort, Schl\u00fcssel\u00fcbergabe &amp; Reinigung f\u00fcr G\u00e4ste.\" \/>\n<meta property=\"og:url\" content=\"https:\/\/friedrichskoogfewo.de\/nordsee\/service\/\" \/>\n<meta property=\"og:site_name\" content=\"Ferienwohnungen am Wattenmeer\" \/>\n<meta property=\"article:modified_time\" content=\"2026-02-17T07:02:16+00:00\" \/>\n<meta property=\"og:image\" content=\"https:\/\/friedrichskoogfewo.de\/nordsee\/wp-content\/uploads\/2026\/01\/Service.jpeg\" \/>\n\t<meta property=\"og:image:width\" content=\"1200\" \/>\n\t<meta property=\"og:image:height\" content=\"672\" \/>\n\t<meta property=\"og:image:type\" content=\"image\/jpeg\" \/>\n<meta name=\"twitter:card\" content=\"summary_large_image\" \/>\n<meta name=\"twitter:label1\" content=\"Gesch\u00e4tzte Lesezeit\" \/>\n\t<meta name=\"twitter:data1\" content=\"2\u00a0Minuten\" \/>\n<script type=\"application\/ld+json\" class=\"yoast-schema-graph\">{\"@context\":\"https:\\\/\\\/schema.org\",\"@graph\":[{\"@type\":\"WebPage\",\"@id\":\"https:\\\/\\\/friedrichskoogfewo.de\\\/nordsee\\\/service\\\/\",\"url\":\"https:\\\/\\\/friedrichskoogfewo.de\\\/nordsee\\\/service\\\/\",\"name\":\"Service Ferienwohnung Friedrichskoog \u2013 Ansprechpartner vor Ort - Ferienwohnungen am Wattenmeer\",\"isPartOf\":{\"@id\":\"https:\\\/\\\/friedrichskoogfewo.de\\\/nordsee\\\/#website\"},\"primaryImageOfPage\":{\"@id\":\"https:\\\/\\\/friedrichskoogfewo.de\\\/nordsee\\\/service\\\/#primaryimage\"},\"image\":{\"@id\":\"https:\\\/\\\/friedrichskoogfewo.de\\\/nordsee\\\/service\\\/#primaryimage\"},\"thumbnailUrl\":\"https:\\\/\\\/friedrichskoogfewo.de\\\/nordsee\\\/wp-content\\\/uploads\\\/2026\\\/01\\\/Service.jpeg\",\"datePublished\":\"2026-01-27T08:32:17+00:00\",\"dateModified\":\"2026-02-17T07:02:16+00:00\",\"description\":\"Service Ferienwohnung Friedrichskoog: Pers\u00f6nliche Betreuung, Ansprechpartner vor Ort, Schl\u00fcssel\u00fcbergabe & Reinigung f\u00fcr G\u00e4ste.\",\"breadcrumb\":{\"@id\":\"https:\\\/\\\/friedrichskoogfewo.de\\\/nordsee\\\/service\\\/#breadcrumb\"},\"inLanguage\":\"de\",\"potentialAction\":[{\"@type\":\"ReadAction\",\"target\":[\"https:\\\/\\\/friedrichskoogfewo.de\\\/nordsee\\\/service\\\/\"]}]},{\"@type\":\"ImageObject\",\"inLanguage\":\"de\",\"@id\":\"https:\\\/\\\/friedrichskoogfewo.de\\\/nordsee\\\/service\\\/#primaryimage\",\"url\":\"https:\\\/\\\/friedrichskoogfewo.de\\\/nordsee\\\/wp-content\\\/uploads\\\/2026\\\/01\\\/Service.jpeg\",\"contentUrl\":\"https:\\\/\\\/friedrichskoogfewo.de\\\/nordsee\\\/wp-content\\\/uploads\\\/2026\\\/01\\\/Service.jpeg\",\"width\":1200,\"height\":672,\"caption\":\"Service Ferienwohnung Friedrichskoog, Service\"},{\"@type\":\"BreadcrumbList\",\"@id\":\"https:\\\/\\\/friedrichskoogfewo.de\\\/nordsee\\\/service\\\/#breadcrumb\",\"itemListElement\":[{\"@type\":\"ListItem\",\"position\":1,\"name\":\"Start\",\"item\":\"https:\\\/\\\/friedrichskoogfewo.de\\\/nordsee\\\/\"},{\"@type\":\"ListItem\",\"position\":2,\"name\":\"Service Ferienwohnung Friedrichskoog \u2013 Ansprechpartner vor Ort\"}]},{\"@type\":\"WebSite\",\"@id\":\"https:\\\/\\\/friedrichskoogfewo.de\\\/nordsee\\\/#website\",\"url\":\"https:\\\/\\\/friedrichskoogfewo.de\\\/nordsee\\\/\",\"name\":\"Ferienwohnungen am Wattenmeer-Ferien an der Nordsee-Auch mit Hund\",\"description\":\"Urlaub an der Nordsee \u2013 auch mit Hund\",\"publisher\":{\"@id\":\"https:\\\/\\\/friedrichskoogfewo.de\\\/nordsee\\\/#organization\"},\"potentialAction\":[{\"@type\":\"SearchAction\",\"target\":{\"@type\":\"EntryPoint\",\"urlTemplate\":\"https:\\\/\\\/friedrichskoogfewo.de\\\/nordsee\\\/?s={search_term_string}\"},\"query-input\":{\"@type\":\"PropertyValueSpecification\",\"valueRequired\":true,\"valueName\":\"search_term_string\"}}],\"inLanguage\":\"de\"},{\"@type\":\"Organization\",\"@id\":\"https:\\\/\\\/friedrichskoogfewo.de\\\/nordsee\\\/#organization\",\"name\":\"Ferienwohnungen am Wattenmeer\",\"url\":\"https:\\\/\\\/friedrichskoogfewo.de\\\/nordsee\\\/\",\"logo\":{\"@type\":\"ImageObject\",\"inLanguage\":\"de\",\"@id\":\"https:\\\/\\\/friedrichskoogfewo.de\\\/nordsee\\\/#\\\/schema\\\/logo\\\/image\\\/\",\"url\":\"https:\\\/\\\/friedrichskoogfewo.de\\\/nordsee\\\/wp-content\\\/uploads\\\/2025\\\/07\\\/Logo-Ferienwohnungen-am-Wattenmeer.png\",\"contentUrl\":\"https:\\\/\\\/friedrichskoogfewo.de\\\/nordsee\\\/wp-content\\\/uploads\\\/2025\\\/07\\\/Logo-Ferienwohnungen-am-Wattenmeer.png\",\"width\":1200,\"height\":800,\"caption\":\"Ferienwohnungen am Wattenmeer\"},\"image\":{\"@id\":\"https:\\\/\\\/friedrichskoogfewo.de\\\/nordsee\\\/#\\\/schema\\\/logo\\\/image\\\/\"}}]}<\/script>\n<!-- \/ Yoast SEO plugin. -->","yoast_head_json":{"title":"Service Ferienwohnung Friedrichskoog \u2013 Ansprechpartner vor Ort - Ferienwohnungen am Wattenmeer","description":"Service Ferienwohnung Friedrichskoog: Pers\u00f6nliche Betreuung, Ansprechpartner vor Ort, Schl\u00fcssel\u00fcbergabe & Reinigung f\u00fcr G\u00e4ste.","robots":{"index":"index","follow":"follow","max-snippet":"max-snippet:-1","max-image-preview":"max-image-preview:large","max-video-preview":"max-video-preview:-1"},"canonical":"https:\/\/friedrichskoogfewo.de\/nordsee\/service\/","og_locale":"de_DE","og_type":"article","og_title":"Service Ferienwohnung Friedrichskoog \u2013 Ansprechpartner vor Ort - Ferienwohnungen am Wattenmeer","og_description":"Service Ferienwohnung Friedrichskoog: Pers\u00f6nliche Betreuung, Ansprechpartner vor Ort, Schl\u00fcssel\u00fcbergabe & Reinigung f\u00fcr G\u00e4ste.","og_url":"https:\/\/friedrichskoogfewo.de\/nordsee\/service\/","og_site_name":"Ferienwohnungen am Wattenmeer","article_modified_time":"2026-02-17T07:02:16+00:00","og_image":[{"width":1200,"height":672,"url":"https:\/\/friedrichskoogfewo.de\/nordsee\/wp-content\/uploads\/2026\/01\/Service.jpeg","type":"image\/jpeg"}],"twitter_card":"summary_large_image","twitter_misc":{"Gesch\u00e4tzte Lesezeit":"2\u00a0Minuten"},"schema":{"@context":"https:\/\/schema.org","@graph":[{"@type":"WebPage","@id":"https:\/\/friedrichskoogfewo.de\/nordsee\/service\/","url":"https:\/\/friedrichskoogfewo.de\/nordsee\/service\/","name":"Service Ferienwohnung Friedrichskoog \u2013 Ansprechpartner vor Ort - Ferienwohnungen am Wattenmeer","isPartOf":{"@id":"https:\/\/friedrichskoogfewo.de\/nordsee\/#website"},"primaryImageOfPage":{"@id":"https:\/\/friedrichskoogfewo.de\/nordsee\/service\/#primaryimage"},"image":{"@id":"https:\/\/friedrichskoogfewo.de\/nordsee\/service\/#primaryimage"},"thumbnailUrl":"https:\/\/friedrichskoogfewo.de\/nordsee\/wp-content\/uploads\/2026\/01\/Service.jpeg","datePublished":"2026-01-27T08:32:17+00:00","dateModified":"2026-02-17T07:02:16+00:00","description":"Service Ferienwohnung Friedrichskoog: Pers\u00f6nliche Betreuung, Ansprechpartner vor Ort, Schl\u00fcssel\u00fcbergabe & Reinigung f\u00fcr G\u00e4ste.","breadcrumb":{"@id":"https:\/\/friedrichskoogfewo.de\/nordsee\/service\/#breadcrumb"},"inLanguage":"de","potentialAction":[{"@type":"ReadAction","target":["https:\/\/friedrichskoogfewo.de\/nordsee\/service\/"]}]},{"@type":"ImageObject","inLanguage":"de","@id":"https:\/\/friedrichskoogfewo.de\/nordsee\/service\/#primaryimage","url":"https:\/\/friedrichskoogfewo.de\/nordsee\/wp-content\/uploads\/2026\/01\/Service.jpeg","contentUrl":"https:\/\/friedrichskoogfewo.de\/nordsee\/wp-content\/uploads\/2026\/01\/Service.jpeg","width":1200,"height":672,"caption":"Service Ferienwohnung Friedrichskoog, Service"},{"@type":"BreadcrumbList","@id":"https:\/\/friedrichskoogfewo.de\/nordsee\/service\/#breadcrumb","itemListElement":[{"@type":"ListItem","position":1,"name":"Start","item":"https:\/\/friedrichskoogfewo.de\/nordsee\/"},{"@type":"ListItem","position":2,"name":"Service Ferienwohnung Friedrichskoog \u2013 Ansprechpartner vor Ort"}]},{"@type":"WebSite","@id":"https:\/\/friedrichskoogfewo.de\/nordsee\/#website","url":"https:\/\/friedrichskoogfewo.de\/nordsee\/","name":"Ferienwohnungen am Wattenmeer-Ferien an der Nordsee-Auch mit Hund","description":"Urlaub an der Nordsee \u2013 auch mit Hund","publisher":{"@id":"https:\/\/friedrichskoogfewo.de\/nordsee\/#organization"},"potentialAction":[{"@type":"SearchAction","target":{"@type":"EntryPoint","urlTemplate":"https:\/\/friedrichskoogfewo.de\/nordsee\/?s={search_term_string}"},"query-input":{"@type":"PropertyValueSpecification","valueRequired":true,"valueName":"search_term_string"}}],"inLanguage":"de"},{"@type":"Organization","@id":"https:\/\/friedrichskoogfewo.de\/nordsee\/#organization","name":"Ferienwohnungen am Wattenmeer","url":"https:\/\/friedrichskoogfewo.de\/nordsee\/","logo":{"@type":"ImageObject","inLanguage":"de","@id":"https:\/\/friedrichskoogfewo.de\/nordsee\/#\/schema\/logo\/image\/","url":"https:\/\/friedrichskoogfewo.de\/nordsee\/wp-content\/uploads\/2025\/07\/Logo-Ferienwohnungen-am-Wattenmeer.png","contentUrl":"https:\/\/friedrichskoogfewo.de\/nordsee\/wp-content\/uploads\/2025\/07\/Logo-Ferienwohnungen-am-Wattenmeer.png","width":1200,"height":800,"caption":"Ferienwohnungen am Wattenmeer"},"image":{"@id":"https:\/\/friedrichskoogfewo.de\/nordsee\/#\/schema\/logo\/image\/"}}]}},"uagb_featured_image_src":{"full":["https:\/\/friedrichskoogfewo.de\/nordsee\/wp-content\/uploads\/2026\/01\/Service.jpeg",1200,672,false],"thumbnail":["https:\/\/friedrichskoogfewo.de\/nordsee\/wp-content\/uploads\/2026\/01\/Service-150x150.jpeg",150,150,true],"medium":["https:\/\/friedrichskoogfewo.de\/nordsee\/wp-content\/uploads\/2026\/01\/Service-300x168.jpeg",300,168,true],"medium_large":["https:\/\/friedrichskoogfewo.de\/nordsee\/wp-content\/uploads\/2026\/01\/Service-768x430.jpeg",768,430,true],"large":["https:\/\/friedrichskoogfewo.de\/nordsee\/wp-content\/uploads\/2026\/01\/Service-1024x573.jpeg",1024,573,true],"1536x1536":["https:\/\/friedrichskoogfewo.de\/nordsee\/wp-content\/uploads\/2026\/01\/Service.jpeg",1200,672,false],"2048x2048":["https:\/\/friedrichskoogfewo.de\/nordsee\/wp-content\/uploads\/2026\/01\/Service.jpeg",1200,672,false]},"uagb_author_info":{"display_name":"Marcus","author_link":"https:\/\/friedrichskoogfewo.de\/nordsee\/author\/marcus\/"},"uagb_comment_info":0,"uagb_excerpt":"Ihr Ansprechpartner vor Ort \u2013 DOKA&#8217;s Immobilienservice Unser Verwalter vor Ort, DOKA&#8217;s Immobilienservice, bietet Ihnen einen zuverl\u00e4ssigen Service und freut sich darauf, Ihnen einen angenehmen und entspannten Aufenthalt in Ihrer Ferienwohnung in Friedrichskoog zu erm\u00f6glichen. Pers\u00f6nliche Betreuung und Service von An- bis Abreise Von der Kommunikation zur Buchung \u00fcber die Organisation von An- und Abreise&hellip;","_links":{"self":[{"href":"https:\/\/friedrichskoogfewo.de\/nordsee\/wp-json\/wp\/v2\/pages\/1247","targetHints":{"allow":["GET"]}}],"collection":[{"href":"https:\/\/friedrichskoogfewo.de\/nordsee\/wp-json\/wp\/v2\/pages"}],"about":[{"href":"https:\/\/friedrichskoogfewo.de\/nordsee\/wp-json\/wp\/v2\/types\/page"}],"author":[{"embeddable":true,"href":"https:\/\/friedrichskoogfewo.de\/nordsee\/wp-json\/wp\/v2\/users\/1"}],"replies":[{"embeddable":true,"href":"https:\/\/friedrichskoogfewo.de\/nordsee\/wp-json\/wp\/v2\/comments?post=1247"}],"version-history":[{"count":37,"href":"https:\/\/friedrichskoogfewo.de\/nordsee\/wp-json\/wp\/v2\/pages\/1247\/revisions"}],"predecessor-version":[{"id":1562,"href":"https:\/\/friedrichskoogfewo.de\/nordsee\/wp-json\/wp\/v2\/pages\/1247\/revisions\/1562"}],"wp:featuredmedia":[{"embeddable":true,"href":"https:\/\/friedrichskoogfewo.de\/nordsee\/wp-json\/wp\/v2\/media\/1293"}],"wp:attachment":[{"href":"https:\/\/friedrichskoogfewo.de\/nordsee\/wp-json\/wp\/v2\/media?parent=1247"}],"curies":[{"name":"wp","href":"https:\/\/api.w.org\/{rel}","templated":true}]}}