{"id":1525,"date":"2026-02-11T19:54:36","date_gmt":"2026-02-11T18:54:36","guid":{"rendered":"https:\/\/friedrichskoogfewo.de\/nordsee\/?page_id=1525"},"modified":"2026-04-17T06:30:54","modified_gmt":"2026-04-17T04:30:54","slug":"impressum","status":"publish","type":"page","link":"https:\/\/friedrichskoogfewo.de\/nordsee\/impressum\/","title":{"rendered":"Kontakt \/ Impressum"},"content":{"rendered":"\n<div class=\"wp-block-uagb-container uagb-block-20a52c19 alignfull uagb-is-root-container\"><div class=\"uagb-container-inner-blocks-wrap\"><\/div><\/div>\n\n\n\n<div style=\"padding: 30px; max-width: 900px; margin: auto;\">\n\n  <h1 style=\"margin-bottom: 20px;\">\n    Kontakt \/ Impressum\n  <\/h1>\n\n  <p>\n    Auf dieser Seite finden Sie alle Informationen zu <strong>Kontakt \/ Impressum<\/strong>\n    unserer Ferienwohnungen in Friedrichskoog. Hier erhalten Sie die gesetzlich\n    vorgeschriebenen Pflichtangaben gem\u00e4\u00df \u00a7 5 DDG sowie alle Kontaktdaten f\u00fcr\n    Ihre Fragen rund um Buchung, Aufenthalt und Organisation.\n  <\/p>\n\n  <h2 style=\"margin-top: 30px;\">Kontakt<\/h2>\n\n  <p>\n    Wenn Sie Fragen zu Verf\u00fcgbarkeit, Buchung oder Ihrem Aufenthalt haben,\n    erreichen Sie uns jederzeit telefonisch oder per E-Mail.\n  <\/p>\n\n  <p>\n    <strong>Vermieter:<\/strong><br>\n    Ulrike Kahlbohm<br>\n    Telefon: 040 \/ 6426154<br>\n    E-Mail:\n    <a href=\"mailto:post@kahlbohm.de\">post@kahlbohm.de<\/a>\n  <\/p>\n\n  <h2 style=\"margin-top: 40px;\">Kontakt \/ Impressum unserer Ferienwohnungen<\/h2>\n\n  <h3 style=\"margin-top: 20px;\">Angaben gem\u00e4\u00df \u00a7 5 DDG<\/h3>\n\n  <p>\n    Ulrike Kahlbohm<br>\n    Amselweg 8<br>\n    25718 Friedrichskoog<br>\n    Deutschland\n  <\/p>\n\n  <h3 style=\"margin-top: 20px;\">Verantwortlich f\u00fcr den Inhalt nach \u00a7 18 Abs. 2 MStV<\/h3>\n\n  <p>\n    Marcus Sch\u00fctt<br>\n    E-Mail:\n    <a href=\"mailto:webmaster@friedrichskoogfewo.de\">\n      webmaster@friedrichskoogfewo.de\n    <\/a>\n  <\/p>\n\n  <h3 style=\"margin-top: 20px;\">Technische Betreuung der Website<\/h3>\n\n  <p>\n    Marcus Sch\u00fctt<br>\n    E-Mail:\n    <a href=\"mailto:webmaster@friedrichskoog.de\">\n      webmaster@friedrichskoog.de\n    <\/a>\n  <\/p>\n\n  <h3 style=\"margin-top: 20px;\">Online-Streitbeilegung<\/h3>\n\n  <p>\n    Die Europ\u00e4ische Kommission stellt eine Plattform zur Online-Streitbeilegung (OS) bereit:\n    <a href=\"https:\/\/ec.europa.eu\/consumers\/odr\/\" target=\"_blank\" rel=\"noopener\">\n      https:\/\/ec.europa.eu\/consumers\/odr\/\n    <\/a>.\n  <\/p>\n\n  <p>\n    Wir sind nicht verpflichtet und nicht bereit, an einem\n    Streitbeilegungsverfahren vor einer Verbraucherschlichtungsstelle teilzunehmen.\n  <\/p>\n\n  <h2 style=\"margin-top: 40px;\">Rechtliche Hinweise<\/h2>\n\n  <p>\n    Dieses <strong>Kontakt \/ Impressum<\/strong> dient der transparenten\n    Information \u00fcber Anbieter, Verantwortliche und Erreichbarkeit unserer Website.\n    Als Anbieter von &#8222;Ferienwohnungen am Wattenmeer&#8220; in Friedrichskoog legen wir gro\u00dfen Wert auf\n    eine klare Kommunikation sowie auf die Einhaltung aller gesetzlichen\n    Informationspflichten.\n  <\/p>\n\n  <p>\n    Sollten Sie Fragen zu unseren Angeboten, zur Buchung oder zu organisatorischen\n    Abl\u00e4ufen haben, stehen wir Ihnen gern zur Verf\u00fcgung. Bei Hinweisen zu Inhalten\n    oder technischen Funktionen der Website k\u00f6nnen Sie sich ebenfalls jederzeit\n    an uns wenden.\n  <\/p>\n\n<\/div>\n\n\n\n<div class=\"wp-block-uagb-buttons uagb-buttons__outer-wrap uagb-btn__default-btn uagb-btn-tablet__default-btn uagb-btn-mobile__default-btn uagb-block-a7b91a77\"><div class=\"uagb-buttons__wrap uagb-buttons-layout-wrap \">\n<div class=\"wp-block-uagb-buttons-child uagb-buttons__outer-wrap uagb-block-f7ae6360 wp-block-button\"><div class=\"uagb-button__wrapper\"><a class=\"uagb-buttons-repeater wp-block-button__link\" aria-label=\"\" href=\"javascript:history.back()\" rel=\"follow noopener\" target=\"_self\" role=\"button\"><div class=\"uagb-button__link\">Zur\u00fcck<\/div><\/a><\/div><\/div>\n<\/div><\/div>\n\n\n\n<div class=\"wp-block-uagb-container custom-footer uagb-block-8975afc3 alignfull uagb-is-root-container\"><div class=\"uagb-container-inner-blocks-wrap\">\n<div class=\"footer-links\">\n  <a href=\"\/agb\">AGB<\/a> |\n  <a href=\"mailto:buchungen@friedrichskoogfewo.de\">buchungen@friedrichskoogfewo.de<\/a><br>\n<\/div>\n<div class=\"footer-copy\">\n  \u00a9 2026 Ferienwohnungen am Wattenmeer\n<\/div>\n<\/div><\/div>\n\n\n\n<p><\/p>\n","protected":false},"excerpt":{"rendered":"<p>Kontakt \/ Impressum Auf dieser Seite finden Sie alle Informationen zu Kontakt \/ Impressum unserer Ferienwohnungen in Friedrichskoog. Hier erhalten Sie die gesetzlich vorgeschriebenen Pflichtangaben gem\u00e4\u00df \u00a7 5 DDG sowie alle Kontaktdaten f\u00fcr Ihre Fragen rund um Buchung, Aufenthalt und Organisation. Kontakt Wenn Sie Fragen zu Verf\u00fcgbarkeit, Buchung oder Ihrem Aufenthalt haben, erreichen Sie uns [&hellip;]<\/p>\n","protected":false},"author":1,"featured_media":217,"parent":0,"menu_order":0,"comment_status":"closed","ping_status":"closed","template":"blank","meta":{"_uag_custom_page_level_css":"","footnotes":""},"class_list":["post-1525","page","type-page","status-publish","has-post-thumbnail","hentry"],"yoast_head":"<!-- This site is optimized with the Yoast SEO plugin v27.4 - https:\/\/yoast.com\/product\/yoast-seo-wordpress\/ -->\n<title>Kontakt &amp; Impressum, Direkt buchen &amp; Geb\u00fchren sparen.<\/title>\n<meta name=\"description\" content=\"\u201eSie m\u00f6chten direkt buchen? Hier finden Sie alle Kontaktdaten. Buchen Sie bei uns ohne Portal-Geb\u00fchren zum besten Preis f\u00fcr Ihren Urlaub!\u201c\" \/>\n<meta name=\"robots\" content=\"index, follow, max-snippet:-1, max-image-preview:large, max-video-preview:-1\" \/>\n<link rel=\"canonical\" href=\"https:\/\/friedrichskoogfewo.de\/nordsee\/impressum\/\" \/>\n<meta property=\"og:locale\" content=\"de_DE\" \/>\n<meta property=\"og:type\" content=\"article\" \/>\n<meta property=\"og:title\" content=\"Kontakt &amp; Impressum, Direkt buchen &amp; Geb\u00fchren sparen.\" \/>\n<meta property=\"og:description\" content=\"\u201eSie m\u00f6chten direkt buchen? Hier finden Sie alle Kontaktdaten. Buchen Sie bei uns ohne Portal-Geb\u00fchren zum besten Preis f\u00fcr Ihren Urlaub!\u201c\" \/>\n<meta property=\"og:url\" content=\"https:\/\/friedrichskoogfewo.de\/nordsee\/impressum\/\" \/>\n<meta property=\"og:site_name\" content=\"Ferienwohnungen am Wattenmeer\" \/>\n<meta property=\"article:modified_time\" content=\"2026-04-17T04:30:54+00:00\" \/>\n<meta property=\"og:image\" content=\"https:\/\/friedrichskoogfewo.de\/nordsee\/wp-content\/uploads\/2023\/05\/Drachen-scaled.jpg\" \/>\n\t<meta property=\"og:image:width\" content=\"2560\" \/>\n\t<meta property=\"og:image:height\" content=\"936\" \/>\n\t<meta property=\"og:image:type\" content=\"image\/jpeg\" \/>\n<meta name=\"twitter:card\" content=\"summary_large_image\" \/>\n<meta name=\"twitter:label1\" content=\"Gesch\u00e4tzte Lesezeit\" \/>\n\t<meta name=\"twitter:data1\" content=\"2\u00a0Minuten\" \/>\n<script type=\"application\/ld+json\" class=\"yoast-schema-graph\">{\"@context\":\"https:\\\/\\\/schema.org\",\"@graph\":[{\"@type\":\"WebPage\",\"@id\":\"https:\\\/\\\/friedrichskoogfewo.de\\\/nordsee\\\/impressum\\\/\",\"url\":\"https:\\\/\\\/friedrichskoogfewo.de\\\/nordsee\\\/impressum\\\/\",\"name\":\"Kontakt & Impressum, Direkt buchen & Geb\u00fchren sparen.\",\"isPartOf\":{\"@id\":\"https:\\\/\\\/friedrichskoogfewo.de\\\/nordsee\\\/#website\"},\"primaryImageOfPage\":{\"@id\":\"https:\\\/\\\/friedrichskoogfewo.de\\\/nordsee\\\/impressum\\\/#primaryimage\"},\"image\":{\"@id\":\"https:\\\/\\\/friedrichskoogfewo.de\\\/nordsee\\\/impressum\\\/#primaryimage\"},\"thumbnailUrl\":\"https:\\\/\\\/friedrichskoogfewo.de\\\/nordsee\\\/wp-content\\\/uploads\\\/2023\\\/05\\\/Drachen-scaled.jpg\",\"datePublished\":\"2026-02-11T18:54:36+00:00\",\"dateModified\":\"2026-04-17T04:30:54+00:00\",\"description\":\"\u201eSie m\u00f6chten direkt buchen? Hier finden Sie alle Kontaktdaten. Buchen Sie bei uns ohne Portal-Geb\u00fchren zum besten Preis f\u00fcr Ihren Urlaub!\u201c\",\"breadcrumb\":{\"@id\":\"https:\\\/\\\/friedrichskoogfewo.de\\\/nordsee\\\/impressum\\\/#breadcrumb\"},\"inLanguage\":\"de\",\"potentialAction\":[{\"@type\":\"ReadAction\",\"target\":[\"https:\\\/\\\/friedrichskoogfewo.de\\\/nordsee\\\/impressum\\\/\"]}]},{\"@type\":\"ImageObject\",\"inLanguage\":\"de\",\"@id\":\"https:\\\/\\\/friedrichskoogfewo.de\\\/nordsee\\\/impressum\\\/#primaryimage\",\"url\":\"https:\\\/\\\/friedrichskoogfewo.de\\\/nordsee\\\/wp-content\\\/uploads\\\/2023\\\/05\\\/Drachen-scaled.jpg\",\"contentUrl\":\"https:\\\/\\\/friedrichskoogfewo.de\\\/nordsee\\\/wp-content\\\/uploads\\\/2023\\\/05\\\/Drachen-scaled.jpg\",\"width\":2560,\"height\":936,\"caption\":\"Kontakt \\\/ Impressum\"},{\"@type\":\"BreadcrumbList\",\"@id\":\"https:\\\/\\\/friedrichskoogfewo.de\\\/nordsee\\\/impressum\\\/#breadcrumb\",\"itemListElement\":[{\"@type\":\"ListItem\",\"position\":1,\"name\":\"Start\",\"item\":\"https:\\\/\\\/friedrichskoogfewo.de\\\/nordsee\\\/\"},{\"@type\":\"ListItem\",\"position\":2,\"name\":\"Kontakt \\\/ Impressum\"}]},{\"@type\":\"WebSite\",\"@id\":\"https:\\\/\\\/friedrichskoogfewo.de\\\/nordsee\\\/#website\",\"url\":\"https:\\\/\\\/friedrichskoogfewo.de\\\/nordsee\\\/\",\"name\":\"Ferienwohnungen am Wattenmeer-Ferien an der Nordsee-Auch mit Hund\",\"description\":\"Urlaub an der Nordsee \u2013 auch mit Hund\",\"publisher\":{\"@id\":\"https:\\\/\\\/friedrichskoogfewo.de\\\/nordsee\\\/#organization\"},\"potentialAction\":[{\"@type\":\"SearchAction\",\"target\":{\"@type\":\"EntryPoint\",\"urlTemplate\":\"https:\\\/\\\/friedrichskoogfewo.de\\\/nordsee\\\/?s={search_term_string}\"},\"query-input\":{\"@type\":\"PropertyValueSpecification\",\"valueRequired\":true,\"valueName\":\"search_term_string\"}}],\"inLanguage\":\"de\"},{\"@type\":\"Organization\",\"@id\":\"https:\\\/\\\/friedrichskoogfewo.de\\\/nordsee\\\/#organization\",\"name\":\"Ferienwohnungen am Wattenmeer\",\"url\":\"https:\\\/\\\/friedrichskoogfewo.de\\\/nordsee\\\/\",\"logo\":{\"@type\":\"ImageObject\",\"inLanguage\":\"de\",\"@id\":\"https:\\\/\\\/friedrichskoogfewo.de\\\/nordsee\\\/#\\\/schema\\\/logo\\\/image\\\/\",\"url\":\"https:\\\/\\\/friedrichskoogfewo.de\\\/nordsee\\\/wp-content\\\/uploads\\\/2025\\\/07\\\/Logo-Ferienwohnungen-am-Wattenmeer.png\",\"contentUrl\":\"https:\\\/\\\/friedrichskoogfewo.de\\\/nordsee\\\/wp-content\\\/uploads\\\/2025\\\/07\\\/Logo-Ferienwohnungen-am-Wattenmeer.png\",\"width\":1200,\"height\":800,\"caption\":\"Ferienwohnungen am Wattenmeer\"},\"image\":{\"@id\":\"https:\\\/\\\/friedrichskoogfewo.de\\\/nordsee\\\/#\\\/schema\\\/logo\\\/image\\\/\"}}]}<\/script>\n<!-- \/ Yoast SEO plugin. -->","yoast_head_json":{"title":"Kontakt & Impressum, Direkt buchen & Geb\u00fchren sparen.","description":"\u201eSie m\u00f6chten direkt buchen? Hier finden Sie alle Kontaktdaten. Buchen Sie bei uns ohne Portal-Geb\u00fchren zum besten Preis f\u00fcr Ihren Urlaub!\u201c","robots":{"index":"index","follow":"follow","max-snippet":"max-snippet:-1","max-image-preview":"max-image-preview:large","max-video-preview":"max-video-preview:-1"},"canonical":"https:\/\/friedrichskoogfewo.de\/nordsee\/impressum\/","og_locale":"de_DE","og_type":"article","og_title":"Kontakt & Impressum, Direkt buchen & Geb\u00fchren sparen.","og_description":"\u201eSie m\u00f6chten direkt buchen? Hier finden Sie alle Kontaktdaten. Buchen Sie bei uns ohne Portal-Geb\u00fchren zum besten Preis f\u00fcr Ihren Urlaub!\u201c","og_url":"https:\/\/friedrichskoogfewo.de\/nordsee\/impressum\/","og_site_name":"Ferienwohnungen am Wattenmeer","article_modified_time":"2026-04-17T04:30:54+00:00","og_image":[{"width":2560,"height":936,"url":"https:\/\/friedrichskoogfewo.de\/nordsee\/wp-content\/uploads\/2023\/05\/Drachen-scaled.jpg","type":"image\/jpeg"}],"twitter_card":"summary_large_image","twitter_misc":{"Gesch\u00e4tzte Lesezeit":"2\u00a0Minuten"},"schema":{"@context":"https:\/\/schema.org","@graph":[{"@type":"WebPage","@id":"https:\/\/friedrichskoogfewo.de\/nordsee\/impressum\/","url":"https:\/\/friedrichskoogfewo.de\/nordsee\/impressum\/","name":"Kontakt & Impressum, Direkt buchen & Geb\u00fchren sparen.","isPartOf":{"@id":"https:\/\/friedrichskoogfewo.de\/nordsee\/#website"},"primaryImageOfPage":{"@id":"https:\/\/friedrichskoogfewo.de\/nordsee\/impressum\/#primaryimage"},"image":{"@id":"https:\/\/friedrichskoogfewo.de\/nordsee\/impressum\/#primaryimage"},"thumbnailUrl":"https:\/\/friedrichskoogfewo.de\/nordsee\/wp-content\/uploads\/2023\/05\/Drachen-scaled.jpg","datePublished":"2026-02-11T18:54:36+00:00","dateModified":"2026-04-17T04:30:54+00:00","description":"\u201eSie m\u00f6chten direkt buchen? Hier finden Sie alle Kontaktdaten. Buchen Sie bei uns ohne Portal-Geb\u00fchren zum besten Preis f\u00fcr Ihren Urlaub!\u201c","breadcrumb":{"@id":"https:\/\/friedrichskoogfewo.de\/nordsee\/impressum\/#breadcrumb"},"inLanguage":"de","potentialAction":[{"@type":"ReadAction","target":["https:\/\/friedrichskoogfewo.de\/nordsee\/impressum\/"]}]},{"@type":"ImageObject","inLanguage":"de","@id":"https:\/\/friedrichskoogfewo.de\/nordsee\/impressum\/#primaryimage","url":"https:\/\/friedrichskoogfewo.de\/nordsee\/wp-content\/uploads\/2023\/05\/Drachen-scaled.jpg","contentUrl":"https:\/\/friedrichskoogfewo.de\/nordsee\/wp-content\/uploads\/2023\/05\/Drachen-scaled.jpg","width":2560,"height":936,"caption":"Kontakt \/ Impressum"},{"@type":"BreadcrumbList","@id":"https:\/\/friedrichskoogfewo.de\/nordsee\/impressum\/#breadcrumb","itemListElement":[{"@type":"ListItem","position":1,"name":"Start","item":"https:\/\/friedrichskoogfewo.de\/nordsee\/"},{"@type":"ListItem","position":2,"name":"Kontakt \/ Impressum"}]},{"@type":"WebSite","@id":"https:\/\/friedrichskoogfewo.de\/nordsee\/#website","url":"https:\/\/friedrichskoogfewo.de\/nordsee\/","name":"Ferienwohnungen am Wattenmeer-Ferien an der Nordsee-Auch mit Hund","description":"Urlaub an der Nordsee \u2013 auch mit Hund","publisher":{"@id":"https:\/\/friedrichskoogfewo.de\/nordsee\/#organization"},"potentialAction":[{"@type":"SearchAction","target":{"@type":"EntryPoint","urlTemplate":"https:\/\/friedrichskoogfewo.de\/nordsee\/?s={search_term_string}"},"query-input":{"@type":"PropertyValueSpecification","valueRequired":true,"valueName":"search_term_string"}}],"inLanguage":"de"},{"@type":"Organization","@id":"https:\/\/friedrichskoogfewo.de\/nordsee\/#organization","name":"Ferienwohnungen am Wattenmeer","url":"https:\/\/friedrichskoogfewo.de\/nordsee\/","logo":{"@type":"ImageObject","inLanguage":"de","@id":"https:\/\/friedrichskoogfewo.de\/nordsee\/#\/schema\/logo\/image\/","url":"https:\/\/friedrichskoogfewo.de\/nordsee\/wp-content\/uploads\/2025\/07\/Logo-Ferienwohnungen-am-Wattenmeer.png","contentUrl":"https:\/\/friedrichskoogfewo.de\/nordsee\/wp-content\/uploads\/2025\/07\/Logo-Ferienwohnungen-am-Wattenmeer.png","width":1200,"height":800,"caption":"Ferienwohnungen am Wattenmeer"},"image":{"@id":"https:\/\/friedrichskoogfewo.de\/nordsee\/#\/schema\/logo\/image\/"}}]}},"uagb_featured_image_src":{"full":["https:\/\/friedrichskoogfewo.de\/nordsee\/wp-content\/uploads\/2023\/05\/Drachen-scaled.jpg",2560,936,false],"thumbnail":["https:\/\/friedrichskoogfewo.de\/nordsee\/wp-content\/uploads\/2023\/05\/Drachen-150x150.jpg",150,150,true],"medium":["https:\/\/friedrichskoogfewo.de\/nordsee\/wp-content\/uploads\/2023\/05\/Drachen-300x110.jpg",300,110,true],"medium_large":["https:\/\/friedrichskoogfewo.de\/nordsee\/wp-content\/uploads\/2023\/05\/Drachen-768x281.jpg",768,281,true],"large":["https:\/\/friedrichskoogfewo.de\/nordsee\/wp-content\/uploads\/2023\/05\/Drachen-1024x374.jpg",1024,374,true],"1536x1536":["https:\/\/friedrichskoogfewo.de\/nordsee\/wp-content\/uploads\/2023\/05\/Drachen-1536x562.jpg",1536,562,true],"2048x2048":["https:\/\/friedrichskoogfewo.de\/nordsee\/wp-content\/uploads\/2023\/05\/Drachen-2048x749.jpg",2048,749,true]},"uagb_author_info":{"display_name":"Marcus","author_link":"https:\/\/friedrichskoogfewo.de\/nordsee\/author\/marcus\/"},"uagb_comment_info":0,"uagb_excerpt":"Kontakt \/ Impressum Auf dieser Seite finden Sie alle Informationen zu Kontakt \/ Impressum unserer Ferienwohnungen in Friedrichskoog. Hier erhalten Sie die gesetzlich vorgeschriebenen Pflichtangaben gem\u00e4\u00df \u00a7 5 DDG sowie alle Kontaktdaten f\u00fcr Ihre Fragen rund um Buchung, Aufenthalt und Organisation. Kontakt Wenn Sie Fragen zu Verf\u00fcgbarkeit, Buchung oder Ihrem Aufenthalt haben, erreichen Sie uns&hellip;","_links":{"self":[{"href":"https:\/\/friedrichskoogfewo.de\/nordsee\/wp-json\/wp\/v2\/pages\/1525","targetHints":{"allow":["GET"]}}],"collection":[{"href":"https:\/\/friedrichskoogfewo.de\/nordsee\/wp-json\/wp\/v2\/pages"}],"about":[{"href":"https:\/\/friedrichskoogfewo.de\/nordsee\/wp-json\/wp\/v2\/types\/page"}],"author":[{"embeddable":true,"href":"https:\/\/friedrichskoogfewo.de\/nordsee\/wp-json\/wp\/v2\/users\/1"}],"replies":[{"embeddable":true,"href":"https:\/\/friedrichskoogfewo.de\/nordsee\/wp-json\/wp\/v2\/comments?post=1525"}],"version-history":[{"count":3,"href":"https:\/\/friedrichskoogfewo.de\/nordsee\/wp-json\/wp\/v2\/pages\/1525\/revisions"}],"predecessor-version":[{"id":1529,"href":"https:\/\/friedrichskoogfewo.de\/nordsee\/wp-json\/wp\/v2\/pages\/1525\/revisions\/1529"}],"wp:featuredmedia":[{"embeddable":true,"href":"https:\/\/friedrichskoogfewo.de\/nordsee\/wp-json\/wp\/v2\/media\/217"}],"wp:attachment":[{"href":"https:\/\/friedrichskoogfewo.de\/nordsee\/wp-json\/wp\/v2\/media?parent=1525"}],"curies":[{"name":"wp","href":"https:\/\/api.w.org\/{rel}","templated":true}]}}